{"id":1029,"date":"2025-09-25T12:39:44","date_gmt":"2025-09-25T12:39:44","guid":{"rendered":"https:\/\/mathis-zominy.fr\/wordpress\/?page_id=1029"},"modified":"2025-09-25T12:49:16","modified_gmt":"2025-09-25T12:49:16","slug":"portfoliovideo","status":"publish","type":"page","link":"https:\/\/mathis-zominy.fr\/wordpress\/portfoliovideo\/","title":{"rendered":"Portfolio Vid\u00e9o"},"content":{"rendered":"\t\t<div data-elementor-type=\"wp-page\" data-elementor-id=\"1029\" class=\"elementor elementor-1029\">\n\t\t\t\t<div class=\"elementor-element elementor-element-fb0b609 e-con-full e-flex e-con e-parent\" data-id=\"fb0b609\" data-element_type=\"container\">\n\t\t<div class=\"elementor-element elementor-element-5df064d e-con-full e-flex e-con e-child\" data-id=\"5df064d\" data-element_type=\"container\">\n\t\t\t\t<div class=\"elementor-element elementor-element-f311656 exad-sticky-section-no exad-glass-effect-no elementor-widget elementor-widget-video\" data-id=\"f311656\" data-element_type=\"widget\" data-settings=\"{&quot;youtube_url&quot;:&quot;https:\\\/\\\/youtu.be\\\/cH9LnobQRkc&quot;,&quot;video_type&quot;:&quot;youtube&quot;,&quot;controls&quot;:&quot;yes&quot;}\" data-widget_type=\"video.default\">\n\t\t\t\t<div class=\"elementor-widget-container\">\n\t\t\t\t\t<div class=\"elementor-wrapper elementor-open-inline\">\n\t\t\t<div class=\"elementor-video\"><\/div>\t\t<\/div>\n\t\t\t\t<\/div>\n\t\t\t\t<\/div>\n\t\t\t\t<\/div>\n\t\t<div class=\"elementor-element elementor-element-933fbdc e-con-full e-flex e-con e-child\" data-id=\"933fbdc\" data-element_type=\"container\">\n\t\t\t\t<div class=\"elementor-element elementor-element-4b55ffe exad-sticky-section-no exad-glass-effect-no elementor-widget elementor-widget-heading\" data-id=\"4b55ffe\" data-element_type=\"widget\" data-widget_type=\"heading.default\">\n\t\t\t\t<div class=\"elementor-widget-container\">\n\t\t\t<h2 class=\"elementor-heading-title elementor-size-default\">Portfolio Vid\u00e9o<\/h2>\t\t<\/div>\n\t\t\t\t<\/div>\n\t\t\t\t<div class=\"elementor-element elementor-element-4c806f2 exad-sticky-section-no exad-glass-effect-no elementor-widget elementor-widget-text-editor\" data-id=\"4c806f2\" data-element_type=\"widget\" data-widget_type=\"text-editor.default\">\n\t\t\t\t<div class=\"elementor-widget-container\">\n\t\t\t\t\t\t\t<p data-start=\"217\" data-end=\"444\"><strong data-start=\"217\" data-end=\"236\">Portfolio Vid\u00e9o<\/strong><br data-start=\"236\" data-end=\"239\" \/>Plongez dans mon univers visuel \u00e0 travers une s\u00e9lection de projets en montage vid\u00e9o, photographie et animation 3D. Chaque cr\u00e9ation est pens\u00e9e pour raconter une histoire et transmettre une \u00e9motion unique.<\/p><p data-start=\"0\" data-end=\"514\">\u00a0<\/p><p data-start=\"446\" data-end=\"579\">\u00a0<\/p>\t\t\t\t\t\t<\/div>\n\t\t\t\t<\/div>\n\t\t\t\t<\/div>\n\t\t\t\t<\/div>\n\t\t\t\t<\/div>\n\t\t","protected":false},"excerpt":{"rendered":"<p>Portfolio Vid\u00e9o Portfolio Vid\u00e9oPlongez dans mon univers visuel \u00e0 travers une s\u00e9lection de projets en montage vid\u00e9o, photographie et animation 3D. Chaque cr\u00e9ation est pens\u00e9e pour raconter une histoire et transmettre une \u00e9motion unique. \u00a0 \u00a0<\/p>\n","protected":false},"author":1,"featured_media":1015,"parent":0,"menu_order":0,"comment_status":"closed","ping_status":"closed","template":"","meta":{"footnotes":""},"class_list":["post-1029","page","type-page","status-publish","has-post-thumbnail","hentry"],"_links":{"self":[{"href":"https:\/\/mathis-zominy.fr\/wordpress\/wp-json\/wp\/v2\/pages\/1029","targetHints":{"allow":["GET"]}}],"collection":[{"href":"https:\/\/mathis-zominy.fr\/wordpress\/wp-json\/wp\/v2\/pages"}],"about":[{"href":"https:\/\/mathis-zominy.fr\/wordpress\/wp-json\/wp\/v2\/types\/page"}],"author":[{"embeddable":true,"href":"https:\/\/mathis-zominy.fr\/wordpress\/wp-json\/wp\/v2\/users\/1"}],"replies":[{"embeddable":true,"href":"https:\/\/mathis-zominy.fr\/wordpress\/wp-json\/wp\/v2\/comments?post=1029"}],"version-history":[{"count":4,"href":"https:\/\/mathis-zominy.fr\/wordpress\/wp-json\/wp\/v2\/pages\/1029\/revisions"}],"predecessor-version":[{"id":1034,"href":"https:\/\/mathis-zominy.fr\/wordpress\/wp-json\/wp\/v2\/pages\/1029\/revisions\/1034"}],"wp:featuredmedia":[{"embeddable":true,"href":"https:\/\/mathis-zominy.fr\/wordpress\/wp-json\/wp\/v2\/media\/1015"}],"wp:attachment":[{"href":"https:\/\/mathis-zominy.fr\/wordpress\/wp-json\/wp\/v2\/media?parent=1029"}],"curies":[{"name":"wp","href":"https:\/\/api.w.org\/{rel}","templated":true}]}}