{"id":1042,"date":"2025-09-25T13:01:17","date_gmt":"2025-09-25T13:01:17","guid":{"rendered":"https:\/\/mathis-zominy.fr\/wordpress\/?page_id=1042"},"modified":"2025-09-25T13:11:50","modified_gmt":"2025-09-25T13:11:50","slug":"naruto","status":"publish","type":"page","link":"https:\/\/mathis-zominy.fr\/wordpress\/naruto\/","title":{"rendered":"Naruto EDIT"},"content":{"rendered":"\t\t<div data-elementor-type=\"wp-page\" data-elementor-id=\"1042\" class=\"elementor elementor-1042\">\n\t\t\t\t<div class=\"elementor-element elementor-element-fb0b609 e-con-full e-flex e-con e-parent\" data-id=\"fb0b609\" data-element_type=\"container\" data-settings=\"{&quot;background_background&quot;:&quot;classic&quot;}\">\n\t\t<div class=\"elementor-element elementor-element-5df064d e-con-full e-flex e-con e-child\" data-id=\"5df064d\" data-element_type=\"container\">\n\t\t\t\t<div class=\"elementor-element elementor-element-f311656 exad-sticky-section-no exad-glass-effect-no elementor-widget elementor-widget-video\" data-id=\"f311656\" data-element_type=\"widget\" data-settings=\"{&quot;youtube_url&quot;:&quot;https:\\\/\\\/youtu.be\\\/MjiXpjXDp58&quot;,&quot;video_type&quot;:&quot;youtube&quot;,&quot;controls&quot;:&quot;yes&quot;}\" data-widget_type=\"video.default\">\n\t\t\t\t<div class=\"elementor-widget-container\">\n\t\t\t\t\t<div class=\"elementor-wrapper elementor-open-inline\">\n\t\t\t<div class=\"elementor-video\"><\/div>\t\t<\/div>\n\t\t\t\t<\/div>\n\t\t\t\t<\/div>\n\t\t\t\t<\/div>\n\t\t<div class=\"elementor-element elementor-element-933fbdc e-con-full e-flex e-con e-child\" data-id=\"933fbdc\" data-element_type=\"container\">\n\t\t\t\t<div class=\"elementor-element elementor-element-4b55ffe exad-sticky-section-no exad-glass-effect-no elementor-widget elementor-widget-heading\" data-id=\"4b55ffe\" data-element_type=\"widget\" data-widget_type=\"heading.default\">\n\t\t\t\t<div class=\"elementor-widget-container\">\n\t\t\t<h2 class=\"elementor-heading-title elementor-size-default\">Edit \"Naruto\"<\/h2>\t\t<\/div>\n\t\t\t\t<\/div>\n\t\t\t\t<div class=\"elementor-element elementor-element-4c806f2 exad-sticky-section-no exad-glass-effect-no elementor-widget elementor-widget-text-editor\" data-id=\"4c806f2\" data-element_type=\"widget\" data-widget_type=\"text-editor.default\">\n\t\t\t\t<div class=\"elementor-widget-container\">\n\t\t\t\t\t\t\t<p data-start=\"0\" data-end=\"514\">Cette vid\u00e9o est un <strong data-start=\"182\" data-end=\"208\">edit de l\u2019anime Naruto<\/strong>, cr\u00e9\u00e9 pour mettre en valeur l\u2019une de mes sc\u00e8nes pr\u00e9f\u00e9r\u00e9es. J\u2019ai voulu retranscrire toute l\u2019\u00e9motion et l\u2019intensit\u00e9 de ce moment en y ajoutant mon propre style et ma vision artistique.<\/p><p data-start=\"0\" data-end=\"514\">L\u2019edit a \u00e9t\u00e9 pens\u00e9 dans un format <strong data-start=\"429\" data-end=\"461\">dynamique (TikTok)<\/strong>, avec des transitions rapides, des effets visuels marqu\u00e9s et un montage rythm\u00e9 pour captiver le spectateur. Tout le projet a \u00e9t\u00e9 r\u00e9alis\u00e9 sur <strong data-start=\"603\" data-end=\"620\">After Effects<\/strong>, ce qui m\u2019a permis d\u2019explorer des techniques d\u2019animation et d\u2019effets sp\u00e9ciaux pour donner encore plus de puissance \u00e0 la sc\u00e8ne.<\/p>\t\t\t\t\t\t<\/div>\n\t\t\t\t<\/div>\n\t\t\t\t<\/div>\n\t\t\t\t<\/div>\n\t\t\t\t<\/div>\n\t\t","protected":false},"excerpt":{"rendered":"<p>Edit \u00ab\u00a0Naruto\u00a0\u00bb Cette vid\u00e9o est un edit de l\u2019anime Naruto, cr\u00e9\u00e9 pour mettre en valeur l\u2019une de mes sc\u00e8nes pr\u00e9f\u00e9r\u00e9es. J\u2019ai voulu retranscrire toute l\u2019\u00e9motion et l\u2019intensit\u00e9 de ce moment en y ajoutant mon propre style et ma vision artistique. L\u2019edit a \u00e9t\u00e9 pens\u00e9 dans un format dynamique (TikTok), avec des transitions rapides, des effets [&hellip;]<\/p>\n","protected":false},"author":1,"featured_media":1020,"parent":0,"menu_order":0,"comment_status":"closed","ping_status":"closed","template":"","meta":{"footnotes":""},"class_list":["post-1042","page","type-page","status-publish","has-post-thumbnail","hentry"],"_links":{"self":[{"href":"https:\/\/mathis-zominy.fr\/wordpress\/wp-json\/wp\/v2\/pages\/1042","targetHints":{"allow":["GET"]}}],"collection":[{"href":"https:\/\/mathis-zominy.fr\/wordpress\/wp-json\/wp\/v2\/pages"}],"about":[{"href":"https:\/\/mathis-zominy.fr\/wordpress\/wp-json\/wp\/v2\/types\/page"}],"author":[{"embeddable":true,"href":"https:\/\/mathis-zominy.fr\/wordpress\/wp-json\/wp\/v2\/users\/1"}],"replies":[{"embeddable":true,"href":"https:\/\/mathis-zominy.fr\/wordpress\/wp-json\/wp\/v2\/comments?post=1042"}],"version-history":[{"count":10,"href":"https:\/\/mathis-zominy.fr\/wordpress\/wp-json\/wp\/v2\/pages\/1042\/revisions"}],"predecessor-version":[{"id":1053,"href":"https:\/\/mathis-zominy.fr\/wordpress\/wp-json\/wp\/v2\/pages\/1042\/revisions\/1053"}],"wp:featuredmedia":[{"embeddable":true,"href":"https:\/\/mathis-zominy.fr\/wordpress\/wp-json\/wp\/v2\/media\/1020"}],"wp:attachment":[{"href":"https:\/\/mathis-zominy.fr\/wordpress\/wp-json\/wp\/v2\/media?parent=1042"}],"curies":[{"name":"wp","href":"https:\/\/api.w.org\/{rel}","templated":true}]}}