{"id":1054,"date":"2025-09-25T13:13:53","date_gmt":"2025-09-25T13:13:53","guid":{"rendered":"https:\/\/mathis-zominy.fr\/wordpress\/?page_id=1054"},"modified":"2025-09-25T13:17:04","modified_gmt":"2025-09-25T13:17:04","slug":"cieyp","status":"publish","type":"page","link":"https:\/\/mathis-zominy.fr\/wordpress\/cieyp\/","title":{"rendered":"Can i Eat Your Pancreas"},"content":{"rendered":"\t\t<div data-elementor-type=\"wp-page\" data-elementor-id=\"1054\" class=\"elementor elementor-1054\">\n\t\t\t\t<div class=\"elementor-element elementor-element-fb0b609 e-con-full e-flex e-con e-parent\" data-id=\"fb0b609\" data-element_type=\"container\" data-settings=\"{&quot;background_background&quot;:&quot;classic&quot;}\">\n\t\t<div class=\"elementor-element elementor-element-5df064d e-con-full e-flex e-con e-child\" data-id=\"5df064d\" data-element_type=\"container\">\n\t\t\t\t<div class=\"elementor-element elementor-element-f311656 exad-sticky-section-no exad-glass-effect-no elementor-widget elementor-widget-video\" data-id=\"f311656\" data-element_type=\"widget\" data-settings=\"{&quot;youtube_url&quot;:&quot;https:\\\/\\\/youtu.be\\\/WB7dsSYpz2g&quot;,&quot;video_type&quot;:&quot;youtube&quot;,&quot;controls&quot;:&quot;yes&quot;}\" data-widget_type=\"video.default\">\n\t\t\t\t<div class=\"elementor-widget-container\">\n\t\t\t\t\t<div class=\"elementor-wrapper elementor-open-inline\">\n\t\t\t<div class=\"elementor-video\"><\/div>\t\t<\/div>\n\t\t\t\t<\/div>\n\t\t\t\t<\/div>\n\t\t\t\t<\/div>\n\t\t<div class=\"elementor-element elementor-element-933fbdc e-con-full e-flex e-con e-child\" data-id=\"933fbdc\" data-element_type=\"container\">\n\t\t\t\t<div class=\"elementor-element elementor-element-4b55ffe exad-sticky-section-no exad-glass-effect-no elementor-widget elementor-widget-heading\" data-id=\"4b55ffe\" data-element_type=\"widget\" data-widget_type=\"heading.default\">\n\t\t\t\t<div class=\"elementor-widget-container\">\n\t\t\t<h2 class=\"elementor-heading-title elementor-size-default\">Edit \"I want to Eat Your Pancreas\"<\/h2>\t\t<\/div>\n\t\t\t\t<\/div>\n\t\t\t\t<div class=\"elementor-element elementor-element-4c806f2 exad-sticky-section-no exad-glass-effect-no elementor-widget elementor-widget-text-editor\" data-id=\"4c806f2\" data-element_type=\"widget\" data-widget_type=\"text-editor.default\">\n\t\t\t\t<div class=\"elementor-widget-container\">\n\t\t\t\t\t\t\t<p data-start=\"153\" data-end=\"520\">Cet \u00e9dit est inspir\u00e9 de <strong data-start=\"218\" data-end=\"248\">l\u2019un de mes films pr\u00e9f\u00e9r\u00e9s<\/strong>, <em data-start=\"250\" data-end=\"279\">I Want to Eat Your Pancreas<\/em>, un r\u00e9cit touchant qui aborde l\u2019amour, la perte et l\u2019acceptation. J\u2019ai choisi ce projet pour rendre hommage \u00e0 l\u2019\u00e9motion intense que ce film d\u00e9gage, notamment \u00e0 travers l\u2019histoire du personnage principal confront\u00e9 au d\u00e9c\u00e8s de sa conjointe.<\/p><p data-start=\"522\" data-end=\"874\">cet \u00e9dit m\u00eale effets visuels doux et transitions fluides pour mettre en avant la sensibilit\u00e9 et la po\u00e9sie de l\u2019\u0153uvre. J\u2019ai utilis\u00e9 <strong data-start=\"694\" data-end=\"711\">After Effects<\/strong> pour travailler les couleurs, les effets de lumi\u00e8re et le rythme, afin de retransmettre toute la m\u00e9lancolie et la beaut\u00e9 de ce film qui m\u2019a profond\u00e9ment marqu\u00e9.<\/p>\t\t\t\t\t\t<\/div>\n\t\t\t\t<\/div>\n\t\t\t\t<\/div>\n\t\t\t\t<\/div>\n\t\t\t\t<\/div>\n\t\t","protected":false},"excerpt":{"rendered":"<p>Edit \u00ab\u00a0I want to Eat Your Pancreas\u00a0\u00bb Cet \u00e9dit est inspir\u00e9 de l\u2019un de mes films pr\u00e9f\u00e9r\u00e9s, I Want to Eat Your Pancreas, un r\u00e9cit touchant qui aborde l\u2019amour, la perte et l\u2019acceptation. J\u2019ai choisi ce projet pour rendre hommage \u00e0 l\u2019\u00e9motion intense que ce film d\u00e9gage, notamment \u00e0 travers l\u2019histoire du personnage principal confront\u00e9 [&hellip;]<\/p>\n","protected":false},"author":1,"featured_media":1025,"parent":0,"menu_order":0,"comment_status":"closed","ping_status":"closed","template":"","meta":{"footnotes":""},"class_list":["post-1054","page","type-page","status-publish","has-post-thumbnail","hentry"],"_links":{"self":[{"href":"https:\/\/mathis-zominy.fr\/wordpress\/wp-json\/wp\/v2\/pages\/1054","targetHints":{"allow":["GET"]}}],"collection":[{"href":"https:\/\/mathis-zominy.fr\/wordpress\/wp-json\/wp\/v2\/pages"}],"about":[{"href":"https:\/\/mathis-zominy.fr\/wordpress\/wp-json\/wp\/v2\/types\/page"}],"author":[{"embeddable":true,"href":"https:\/\/mathis-zominy.fr\/wordpress\/wp-json\/wp\/v2\/users\/1"}],"replies":[{"embeddable":true,"href":"https:\/\/mathis-zominy.fr\/wordpress\/wp-json\/wp\/v2\/comments?post=1054"}],"version-history":[{"count":4,"href":"https:\/\/mathis-zominy.fr\/wordpress\/wp-json\/wp\/v2\/pages\/1054\/revisions"}],"predecessor-version":[{"id":1059,"href":"https:\/\/mathis-zominy.fr\/wordpress\/wp-json\/wp\/v2\/pages\/1054\/revisions\/1059"}],"wp:featuredmedia":[{"embeddable":true,"href":"https:\/\/mathis-zominy.fr\/wordpress\/wp-json\/wp\/v2\/media\/1025"}],"wp:attachment":[{"href":"https:\/\/mathis-zominy.fr\/wordpress\/wp-json\/wp\/v2\/media?parent=1054"}],"curies":[{"name":"wp","href":"https:\/\/api.w.org\/{rel}","templated":true}]}}