{"id":1060,"date":"2025-09-25T13:19:49","date_gmt":"2025-09-25T13:19:49","guid":{"rendered":"https:\/\/mathis-zominy.fr\/wordpress\/?page_id=1060"},"modified":"2025-09-25T13:21:48","modified_gmt":"2025-09-25T13:21:48","slug":"jackal","status":"publish","type":"page","link":"https:\/\/mathis-zominy.fr\/wordpress\/jackal\/","title":{"rendered":"The Day of the Jackal"},"content":{"rendered":"\t\t<div data-elementor-type=\"wp-page\" data-elementor-id=\"1060\" class=\"elementor elementor-1060\">\n\t\t\t\t<div class=\"elementor-element elementor-element-fb0b609 e-con-full e-flex e-con e-parent\" data-id=\"fb0b609\" data-element_type=\"container\" data-settings=\"{&quot;background_background&quot;:&quot;classic&quot;}\">\n\t\t<div class=\"elementor-element elementor-element-5df064d e-con-full e-flex e-con e-child\" data-id=\"5df064d\" data-element_type=\"container\">\n\t\t\t\t<div class=\"elementor-element elementor-element-f311656 exad-sticky-section-no exad-glass-effect-no elementor-widget elementor-widget-video\" data-id=\"f311656\" data-element_type=\"widget\" data-settings=\"{&quot;youtube_url&quot;:&quot;https:\\\/\\\/youtu.be\\\/yIy0UY4Br4M&quot;,&quot;video_type&quot;:&quot;youtube&quot;,&quot;controls&quot;:&quot;yes&quot;}\" data-widget_type=\"video.default\">\n\t\t\t\t<div class=\"elementor-widget-container\">\n\t\t\t\t\t<div class=\"elementor-wrapper elementor-open-inline\">\n\t\t\t<div class=\"elementor-video\"><\/div>\t\t<\/div>\n\t\t\t\t<\/div>\n\t\t\t\t<\/div>\n\t\t\t\t<\/div>\n\t\t<div class=\"elementor-element elementor-element-933fbdc e-con-full e-flex e-con e-child\" data-id=\"933fbdc\" data-element_type=\"container\">\n\t\t\t\t<div class=\"elementor-element elementor-element-4b55ffe exad-sticky-section-no exad-glass-effect-no elementor-widget elementor-widget-heading\" data-id=\"4b55ffe\" data-element_type=\"widget\" data-widget_type=\"heading.default\">\n\t\t\t\t<div class=\"elementor-widget-container\">\n\t\t\t<h2 class=\"elementor-heading-title elementor-size-default\">Edit \"The day of the Jackal\"<\/h2>\t\t<\/div>\n\t\t\t\t<\/div>\n\t\t\t\t<div class=\"elementor-element elementor-element-4c806f2 exad-sticky-section-no exad-glass-effect-no elementor-widget elementor-widget-text-editor\" data-id=\"4c806f2\" data-element_type=\"widget\" data-widget_type=\"text-editor.default\">\n\t\t\t\t<div class=\"elementor-widget-container\">\n\t\t\t\t\t\t\t<p data-start=\"150\" data-end=\"425\">Cet \u00e9dit est inspir\u00e9 de la s\u00e9rie\u00a0<strong data-start=\"214\" data-end=\"239\">The Day of the Jackal<\/strong>, et met en avant son atmosph\u00e8re froide et m\u00e9thodique. J\u2019ai voulu capturer l\u2019essence du tueur \u00e0 gages.<\/p><p data-start=\"153\" data-end=\"520\">\u00a0<\/p><p data-start=\"427\" data-end=\"824\">L\u2019edit est volontairement <strong data-start=\"453\" data-end=\"498\">tr\u00e8s ax\u00e9 sur l\u2019action et le c\u00f4t\u00e9 \u201ckiller\u201d<\/strong>, avec des effets de sang, des transitions rapides et une ambiance sombre. R\u00e9alis\u00e9 au <strong data-start=\"584\" data-end=\"601\">format TikTok<\/strong> avec <strong data-start=\"607\" data-end=\"624\">After Effects<\/strong>, ce projet m\u2019a permis d\u2019exp\u00e9rimenter des effets visuels percutants et une mise en sc\u00e8ne plus brutale, pour plonger le spectateur dans l\u2019esprit du film et renforcer la sensation de danger permanent.<\/p>\t\t\t\t\t\t<\/div>\n\t\t\t\t<\/div>\n\t\t\t\t<\/div>\n\t\t\t\t<\/div>\n\t\t\t\t<\/div>\n\t\t","protected":false},"excerpt":{"rendered":"<p>Edit \u00ab\u00a0The day of the Jackal\u00a0\u00bb Cet \u00e9dit est inspir\u00e9 de la s\u00e9rie\u00a0The Day of the Jackal, et met en avant son atmosph\u00e8re froide et m\u00e9thodique. J\u2019ai voulu capturer l\u2019essence du tueur \u00e0 gages. \u00a0 L\u2019edit est volontairement tr\u00e8s ax\u00e9 sur l\u2019action et le c\u00f4t\u00e9 \u201ckiller\u201d, avec des effets de sang, des transitions rapides et [&hellip;]<\/p>\n","protected":false},"author":1,"featured_media":1016,"parent":0,"menu_order":0,"comment_status":"closed","ping_status":"closed","template":"","meta":{"footnotes":""},"class_list":["post-1060","page","type-page","status-publish","has-post-thumbnail","hentry"],"_links":{"self":[{"href":"https:\/\/mathis-zominy.fr\/wordpress\/wp-json\/wp\/v2\/pages\/1060","targetHints":{"allow":["GET"]}}],"collection":[{"href":"https:\/\/mathis-zominy.fr\/wordpress\/wp-json\/wp\/v2\/pages"}],"about":[{"href":"https:\/\/mathis-zominy.fr\/wordpress\/wp-json\/wp\/v2\/types\/page"}],"author":[{"embeddable":true,"href":"https:\/\/mathis-zominy.fr\/wordpress\/wp-json\/wp\/v2\/users\/1"}],"replies":[{"embeddable":true,"href":"https:\/\/mathis-zominy.fr\/wordpress\/wp-json\/wp\/v2\/comments?post=1060"}],"version-history":[{"count":4,"href":"https:\/\/mathis-zominy.fr\/wordpress\/wp-json\/wp\/v2\/pages\/1060\/revisions"}],"predecessor-version":[{"id":1064,"href":"https:\/\/mathis-zominy.fr\/wordpress\/wp-json\/wp\/v2\/pages\/1060\/revisions\/1064"}],"wp:featuredmedia":[{"embeddable":true,"href":"https:\/\/mathis-zominy.fr\/wordpress\/wp-json\/wp\/v2\/media\/1016"}],"wp:attachment":[{"href":"https:\/\/mathis-zominy.fr\/wordpress\/wp-json\/wp\/v2\/media?parent=1060"}],"curies":[{"name":"wp","href":"https:\/\/api.w.org\/{rel}","templated":true}]}}