{"id":185,"date":"2025-02-19T18:35:32","date_gmt":"2025-02-19T18:35:32","guid":{"rendered":"https:\/\/mathis-zominy.fr\/wordpress\/about\/"},"modified":"2026-02-23T20:18:47","modified_gmt":"2026-02-23T20:18:47","slug":"about","status":"publish","type":"page","link":"https:\/\/mathis-zominy.fr\/wordpress\/about\/","title":{"rendered":"About"},"content":{"rendered":"\t\t<div data-elementor-type=\"wp-page\" data-elementor-id=\"185\" class=\"elementor elementor-185\">\n\t\t\t\t<div class=\"elementor-element elementor-element-1317c08f e-con-full e-flex e-con e-parent\" data-id=\"1317c08f\" data-element_type=\"container\" data-settings=\"{&quot;background_background&quot;:&quot;classic&quot;}\">\n\t\t<div class=\"elementor-element elementor-element-6bf3945e e-con-full e-flex e-con e-child\" data-id=\"6bf3945e\" data-element_type=\"container\">\n\t\t\t\t<div class=\"elementor-element elementor-element-258f778 exad-sticky-section-no exad-glass-effect-no elementor-widget elementor-widget-image\" data-id=\"258f778\" data-element_type=\"widget\" data-widget_type=\"image.default\">\n\t\t\t\t<div class=\"elementor-widget-container\">\n\t\t\t\t\t\t\t\t\t\t\t\t\t<img fetchpriority=\"high\" decoding=\"async\" width=\"1080\" height=\"1590\" src=\"https:\/\/mathis-zominy.fr\/wordpress\/wp-content\/uploads\/2025\/02\/Screenshot_20241015_203453_Gallery.jpg\" class=\"attachment-full size-full wp-image-247\" alt=\"\" srcset=\"https:\/\/mathis-zominy.fr\/wordpress\/wp-content\/uploads\/2025\/02\/Screenshot_20241015_203453_Gallery.jpg 1080w, https:\/\/mathis-zominy.fr\/wordpress\/wp-content\/uploads\/2025\/02\/Screenshot_20241015_203453_Gallery-204x300.jpg 204w, https:\/\/mathis-zominy.fr\/wordpress\/wp-content\/uploads\/2025\/02\/Screenshot_20241015_203453_Gallery-696x1024.jpg 696w, https:\/\/mathis-zominy.fr\/wordpress\/wp-content\/uploads\/2025\/02\/Screenshot_20241015_203453_Gallery-768x1131.jpg 768w, https:\/\/mathis-zominy.fr\/wordpress\/wp-content\/uploads\/2025\/02\/Screenshot_20241015_203453_Gallery-1043x1536.jpg 1043w\" sizes=\"(max-width: 1080px) 100vw, 1080px\" \/>\t\t\t\t\t\t\t\t\t\t\t\t\t<\/div>\n\t\t\t\t<\/div>\n\t\t\t\t<\/div>\n\t\t<div class=\"elementor-element elementor-element-1d1ceeb7 e-con-full e-flex e-con e-child\" data-id=\"1d1ceeb7\" data-element_type=\"container\">\n\t\t\t\t<div class=\"elementor-element elementor-element-5441cb66 exad-sticky-section-no exad-glass-effect-no elementor-widget elementor-widget-heading\" data-id=\"5441cb66\" data-element_type=\"widget\" data-widget_type=\"heading.default\">\n\t\t\t\t<div class=\"elementor-widget-container\">\n\t\t\t<h1 class=\"elementor-heading-title elementor-size-default\">Mathis Zominy<\/h1>\t\t<\/div>\n\t\t\t\t<\/div>\n\t\t\t\t<div class=\"elementor-element elementor-element-6321f01 exad-sticky-section-no exad-glass-effect-no elementor-widget elementor-widget-text-editor\" data-id=\"6321f01\" data-element_type=\"widget\" data-widget_type=\"text-editor.default\">\n\t\t\t\t<div class=\"elementor-widget-container\">\n\t\t\t\t\t\t\t<div class=\"wp-block-kadence-column kadence-column33_cb1078-99\"><div class=\"kt-inside-inner-col\"><h2 data-start=\"147\" data-end=\"168\">\u00c0 propos de moi<\/h2><p data-start=\"170\" data-end=\"531\">Je m\u2019appelle <strong data-start=\"183\" data-end=\"200\">Mathis Zominy<\/strong>, j\u2019ai 21 ans et je suis dipl\u00f4m\u00e9 d\u2019un <strong data-start=\"238\" data-end=\"290\">BUT M\u00e9tiers du Multim\u00e9dia et de l\u2019Internet (MMI)<\/strong> de l\u2019Universit\u00e9 de Toulon. Passionn\u00e9 par la cr\u00e9ation num\u00e9rique, je me sp\u00e9cialise dans le montage vid\u00e9o, la photographie et l\u2019animation 3D. \u00c0 travers mes projets, j\u2019aime m\u00e9langer cr\u00e9ativit\u00e9 et technique pour donner vie \u00e0 des id\u00e9es uniques.<\/p><h2 data-start=\"533\" data-end=\"551\">Mon Parcours<\/h2><p data-start=\"553\" data-end=\"1061\">Mon int\u00e9r\u00eat pour le num\u00e9rique a commenc\u00e9 au lyc\u00e9e Bonaparte de Toulon, o\u00f9 j\u2019ai choisi les sp\u00e9cialit\u00e9s math\u00e9matiques et physique. Ce choix m\u2019a permis de d\u00e9velopper ma curiosit\u00e9 pour les nouvelles technologies et m\u2019a conduit naturellement vers la formation MMI. Durant mes trois ann\u00e9es \u00e0 l\u2019universit\u00e9, j\u2019ai acquis des comp\u00e9tences en graphisme, communication, d\u00e9veloppement web et audiovisuel, ce qui m\u2019a permis de construire un profil polyvalent, pr\u00eat \u00e0 relever de nouveaux d\u00e9fis dans le monde du multim\u00e9dia.<\/p><\/div><\/div><div class=\"wp-block-kadence-column kadence-column33_2a2db1-97\"><div class=\"kt-inside-inner-col\"><h2 class=\"wp-block-heading has-text-align-center has-text-color has-link-color has-large-font-size wp-elements-302fcf66dda773ce0e46d77e2c04822f\">Formation \u00e0 l\u2019universit\u00e9 de Toulon<\/h2><p class=\"has-text-align-center\">L\u2019Universit\u00e9 de Toulon a \u00e9t\u00e9 la destination naturelle pour poursuivre mon \u00e9ducation. Le programme MMI est une formation polyvalente couvrant un large \u00e9ventail de comp\u00e9tences. Notamment le graphisme, la communication, le d\u00e9veloppement web et l\u2019audiovisuel. Mon choix pour cette formation a \u00e9t\u00e9 guid\u00e9 par ma passion pour ces domaines et mon d\u00e9sir de faire carri\u00e8re dans ce secteur.<\/p><\/div><\/div>\t\t\t\t\t\t<\/div>\n\t\t\t\t<\/div>\n\t\t\t\t<div class=\"elementor-element elementor-element-525cf065 exad-sticky-section-no exad-glass-effect-no elementor-widget elementor-widget-icon-box\" data-id=\"525cf065\" data-element_type=\"widget\" data-widget_type=\"icon-box.default\">\n\t\t\t\t<div class=\"elementor-widget-container\">\n\t\t\t\t\t<div class=\"elementor-icon-box-wrapper\">\n\n\t\t\t\n\t\t\t\t\t\t<div class=\"elementor-icon-box-content\">\n\n\t\t\t\t\t\t\t\t\t<p class=\"elementor-icon-box-title\">\n\t\t\t\t\t\t<span  >\n\t\t\t\t\t\t\t\u201cLa cr\u00e9ativit\u00e9 ne consiste pas \u00e0 voir les choses comme elles sont, mais comme elles pourraient \u00eatre.\u201d\t\t\t\t\t\t<\/span>\n\t\t\t\t\t<\/p>\n\t\t\t\t\n\t\t\t\t\t\t\t\t\t<p class=\"elementor-icon-box-description\">\n\t\t\t\t\t\tMathis\t\t\t\t\t<\/p>\n\t\t\t\t\n\t\t\t<\/div>\n\t\t\t\n\t\t<\/div>\n\t\t\t\t<\/div>\n\t\t\t\t<\/div>\n\t\t\t\t<\/div>\n\t\t\t\t<\/div>\n\t\t<div class=\"elementor-element elementor-element-410bcbf7 e-con-full e-flex e-con e-parent\" data-id=\"410bcbf7\" data-element_type=\"container\" data-settings=\"{&quot;background_background&quot;:&quot;classic&quot;}\">\n\t\t\t\t<div class=\"elementor-element elementor-element-73e657dd animated-slow exad-sticky-section-no exad-glass-effect-no elementor-invisible elementor-widget elementor-widget-heading\" data-id=\"73e657dd\" data-element_type=\"widget\" data-settings=\"{&quot;_animation&quot;:&quot;fadeIn&quot;}\" data-widget_type=\"heading.default\">\n\t\t\t\t<div class=\"elementor-widget-container\">\n\t\t\t<h2 class=\"elementor-heading-title elementor-size-default\">Perspective d'avenir<\/h2>\t\t<\/div>\n\t\t\t\t<\/div>\n\t\t\t\t<div class=\"elementor-element elementor-element-021bfad animated-slow exad-sticky-section-no exad-glass-effect-no elementor-invisible elementor-widget elementor-widget-text-editor\" data-id=\"021bfad\" data-element_type=\"widget\" data-settings=\"{&quot;_animation&quot;:&quot;fadeIn&quot;}\" data-widget_type=\"text-editor.default\">\n\t\t\t\t<div class=\"elementor-widget-container\">\n\t\t\t\t\t\t\t<div class=\"wp-block-kadence-column kadence-column33_cb1078-99\"><div class=\"kt-inside-inner-col\"><div class=\"wp-block-kadence-column kadence-column33_c209a2-2a\"><div class=\"kt-inside-inner-col\"><p data-start=\"192\" data-end=\"518\">Mon objectif est de voyager \u00e0 travers le monde pour me consacrer \u00e0 la photographie animali\u00e8re en milieu naturel. La vid\u00e9o vient parfois compl\u00e9ter mon approche pour raconter ces rencontres et partager ces instants de vie sauvage.<\/p><\/div><\/div><\/div><\/div>\t\t\t\t\t\t<\/div>\n\t\t\t\t<\/div>\n\t\t\t\t<\/div>\n\t\t<div class=\"elementor-element elementor-element-48f76e30 e-con-full e-flex e-con e-parent\" data-id=\"48f76e30\" data-element_type=\"container\" data-settings=\"{&quot;background_background&quot;:&quot;classic&quot;}\">\n\t\t<div class=\"elementor-element elementor-element-22f5b40 e-con-full e-flex e-con e-child\" data-id=\"22f5b40\" data-element_type=\"container\" data-settings=\"{&quot;background_background&quot;:&quot;classic&quot;}\">\n\t\t\t\t<div class=\"elementor-element elementor-element-71ed2c9 exad-sticky-section-no exad-glass-effect-no elementor-widget elementor-widget-heading\" data-id=\"71ed2c9\" data-element_type=\"widget\" data-widget_type=\"heading.default\">\n\t\t\t\t<div class=\"elementor-widget-container\">\n\t\t\t<h2 class=\"elementor-heading-title elementor-size-default\">Mes cr\u00e9ations r\u00e9centes<\/h2>\t\t<\/div>\n\t\t\t\t<\/div>\n\t\t\t\t<div class=\"elementor-element elementor-element-dd44811 exad-sticky-section-no exad-glass-effect-no elementor-widget elementor-widget-heading\" data-id=\"dd44811\" data-element_type=\"widget\" data-widget_type=\"heading.default\">\n\t\t\t\t<div class=\"elementor-widget-container\">\n\t\t\t<h5 class=\"elementor-heading-title elementor-size-default\">Photographie animali\u00e8re<\/h5>\t\t<\/div>\n\t\t\t\t<\/div>\n\t\t\t\t<div class=\"elementor-element elementor-element-cd7cd0c gallery-spacing-custom exad-sticky-section-no exad-glass-effect-no elementor-widget elementor-widget-image-gallery\" data-id=\"cd7cd0c\" data-element_type=\"widget\" data-widget_type=\"image-gallery.default\">\n\t\t\t\t<div class=\"elementor-widget-container\">\n\t\t\t\t\t<div class=\"elementor-image-gallery\">\n\t\t\t<div id='gallery-1' class='gallery galleryid-185 gallery-columns-3 gallery-size-medium'><figure class='gallery-item'>\n\t\t\t<div class='gallery-icon portrait'>\n\t\t\t\t<a data-elementor-open-lightbox=\"yes\" data-elementor-lightbox-slideshow=\"cd7cd0c\" data-elementor-lightbox-title=\"DSC03218\" data-e-action-hash=\"#elementor-action%3Aaction%3Dlightbox%26settings%3DeyJpZCI6MTA4NCwidXJsIjoiaHR0cHM6XC9cL21hdGhpcy16b21pbnkuZnJcL3dvcmRwcmVzc1wvd3AtY29udGVudFwvdXBsb2Fkc1wvMjAyNlwvMDFcL0RTQzAzMjE4LTEuanBnIiwic2xpZGVzaG93IjoiY2Q3Y2QwYyJ9\" href='https:\/\/mathis-zominy.fr\/wordpress\/wp-content\/uploads\/2026\/01\/DSC03218-1.jpg'><img decoding=\"async\" width=\"169\" height=\"300\" src=\"https:\/\/mathis-zominy.fr\/wordpress\/wp-content\/uploads\/2026\/01\/DSC03218-1-169x300.jpg\" class=\"attachment-medium size-medium\" alt=\"\" srcset=\"https:\/\/mathis-zominy.fr\/wordpress\/wp-content\/uploads\/2026\/01\/DSC03218-1-169x300.jpg 169w, https:\/\/mathis-zominy.fr\/wordpress\/wp-content\/uploads\/2026\/01\/DSC03218-1-576x1024.jpg 576w, https:\/\/mathis-zominy.fr\/wordpress\/wp-content\/uploads\/2026\/01\/DSC03218-1-768x1365.jpg 768w, https:\/\/mathis-zominy.fr\/wordpress\/wp-content\/uploads\/2026\/01\/DSC03218-1-864x1536.jpg 864w, https:\/\/mathis-zominy.fr\/wordpress\/wp-content\/uploads\/2026\/01\/DSC03218-1-1152x2048.jpg 1152w, https:\/\/mathis-zominy.fr\/wordpress\/wp-content\/uploads\/2026\/01\/DSC03218-1.jpg 1190w\" sizes=\"(max-width: 169px) 100vw, 169px\" \/><\/a>\n\t\t\t<\/div><\/figure><figure class='gallery-item'>\n\t\t\t<div class='gallery-icon portrait'>\n\t\t\t\t<a data-elementor-open-lightbox=\"yes\" data-elementor-lightbox-slideshow=\"cd7cd0c\" data-elementor-lightbox-title=\"DSC02049-2\" data-e-action-hash=\"#elementor-action%3Aaction%3Dlightbox%26settings%3DeyJpZCI6MTA5MSwidXJsIjoiaHR0cHM6XC9cL21hdGhpcy16b21pbnkuZnJcL3dvcmRwcmVzc1wvd3AtY29udGVudFwvdXBsb2Fkc1wvMjAyNlwvMDFcL0RTQzAyMDQ5LTIuanBnIiwic2xpZGVzaG93IjoiY2Q3Y2QwYyJ9\" href='https:\/\/mathis-zominy.fr\/wordpress\/wp-content\/uploads\/2026\/01\/DSC02049-2.jpg'><img decoding=\"async\" width=\"169\" height=\"300\" src=\"https:\/\/mathis-zominy.fr\/wordpress\/wp-content\/uploads\/2026\/01\/DSC02049-2-169x300.jpg\" class=\"attachment-medium size-medium\" alt=\"\" srcset=\"https:\/\/mathis-zominy.fr\/wordpress\/wp-content\/uploads\/2026\/01\/DSC02049-2-169x300.jpg 169w, https:\/\/mathis-zominy.fr\/wordpress\/wp-content\/uploads\/2026\/01\/DSC02049-2-576x1024.jpg 576w, https:\/\/mathis-zominy.fr\/wordpress\/wp-content\/uploads\/2026\/01\/DSC02049-2-768x1365.jpg 768w, https:\/\/mathis-zominy.fr\/wordpress\/wp-content\/uploads\/2026\/01\/DSC02049-2-864x1536.jpg 864w, https:\/\/mathis-zominy.fr\/wordpress\/wp-content\/uploads\/2026\/01\/DSC02049-2.jpg 1012w\" sizes=\"(max-width: 169px) 100vw, 169px\" \/><\/a>\n\t\t\t<\/div><\/figure><figure class='gallery-item'>\n\t\t\t<div class='gallery-icon portrait'>\n\t\t\t\t<a data-elementor-open-lightbox=\"yes\" data-elementor-lightbox-slideshow=\"cd7cd0c\" data-elementor-lightbox-title=\"DSC03136\" data-e-action-hash=\"#elementor-action%3Aaction%3Dlightbox%26settings%3DeyJpZCI6MTA3OCwidXJsIjoiaHR0cHM6XC9cL21hdGhpcy16b21pbnkuZnJcL3dvcmRwcmVzc1wvd3AtY29udGVudFwvdXBsb2Fkc1wvMjAyNlwvMDFcL0RTQzAzMTM2LmpwZyIsInNsaWRlc2hvdyI6ImNkN2NkMGMifQ%3D%3D\" href='https:\/\/mathis-zominy.fr\/wordpress\/wp-content\/uploads\/2026\/01\/DSC03136.jpg'><img loading=\"lazy\" decoding=\"async\" width=\"169\" height=\"300\" src=\"https:\/\/mathis-zominy.fr\/wordpress\/wp-content\/uploads\/2026\/01\/DSC03136-169x300.jpg\" class=\"attachment-medium size-medium\" alt=\"\" srcset=\"https:\/\/mathis-zominy.fr\/wordpress\/wp-content\/uploads\/2026\/01\/DSC03136-169x300.jpg 169w, https:\/\/mathis-zominy.fr\/wordpress\/wp-content\/uploads\/2026\/01\/DSC03136-576x1024.jpg 576w, https:\/\/mathis-zominy.fr\/wordpress\/wp-content\/uploads\/2026\/01\/DSC03136-768x1365.jpg 768w, https:\/\/mathis-zominy.fr\/wordpress\/wp-content\/uploads\/2026\/01\/DSC03136-864x1536.jpg 864w, https:\/\/mathis-zominy.fr\/wordpress\/wp-content\/uploads\/2026\/01\/DSC03136.jpg 957w\" sizes=\"(max-width: 169px) 100vw, 169px\" \/><\/a>\n\t\t\t<\/div><\/figure>\n\t\t<\/div>\n\t\t<\/div>\n\t\t\t\t<\/div>\n\t\t\t\t<\/div>\n\t\t\t\t<div class=\"elementor-element elementor-element-7198a4c elementor-align-center exad-sticky-section-no exad-glass-effect-no elementor-invisible elementor-widget elementor-widget-button\" data-id=\"7198a4c\" data-element_type=\"widget\" data-settings=\"{&quot;_animation&quot;:&quot;fadeInDown&quot;}\" data-widget_type=\"button.default\">\n\t\t\t\t<div class=\"elementor-widget-container\">\n\t\t\t\t\t<div class=\"elementor-button-wrapper\">\n\t\t\t<a class=\"elementor-button elementor-button-link elementor-size-sm\" href=\"https:\/\/mathis-zominy.fr\/wordpress\/portfolio\/\">\n\t\t\t\t\t\t<span class=\"elementor-button-content-wrapper\">\n\t\t\t\t\t\t\t\t\t<span class=\"elementor-button-text\">Toutes mes cr\u00e9ations<\/span>\n\t\t\t\t\t<\/span>\n\t\t\t\t\t<\/a>\n\t\t<\/div>\n\t\t\t\t<\/div>\n\t\t\t\t<\/div>\n\t\t\t\t<\/div>\n\t\t\t\t<\/div>\n\t\t<div class=\"elementor-element elementor-element-79296d2b e-con-full e-flex e-con e-parent\" data-id=\"79296d2b\" data-element_type=\"container\" data-settings=\"{&quot;background_background&quot;:&quot;classic&quot;}\">\n\t\t<div class=\"elementor-element elementor-element-46fe342 e-con-full e-flex e-con e-child\" data-id=\"46fe342\" data-element_type=\"container\" data-settings=\"{&quot;background_background&quot;:&quot;classic&quot;}\">\n\t\t\t\t<div class=\"elementor-element elementor-element-677b425 elementor-widget__width-initial exad-sticky-section-no exad-glass-effect-no elementor-widget elementor-widget-heading\" data-id=\"677b425\" data-element_type=\"widget\" data-widget_type=\"heading.default\">\n\t\t\t\t<div class=\"elementor-widget-container\">\n\t\t\t<h2 class=\"elementor-heading-title elementor-size-default\">Donnez vie \u00e0 vos id\u00e9es <br>Travaillons ensemble !<\/h2>\t\t<\/div>\n\t\t\t\t<\/div>\n\t\t\t\t<div class=\"elementor-element elementor-element-76af22a elementor-widget__width-initial exad-sticky-section-no exad-glass-effect-no elementor-widget elementor-widget-heading\" data-id=\"76af22a\" data-element_type=\"widget\" data-widget_type=\"heading.default\">\n\t\t\t\t<div class=\"elementor-widget-container\">\n\t\t\t<h2 class=\"elementor-heading-title elementor-size-default\">Passionn\u00e9 par la photographie et la vid\u00e9o, je vous accompagne pour cr\u00e9er des portraits authentiques en ext\u00e9rieur, des images de vos animaux de compagnie et des vid\u00e9os professionnelles pour valoriser votre activit\u00e9.<\/h2>\t\t<\/div>\n\t\t\t\t<\/div>\n\t\t\t\t<div class=\"elementor-element elementor-element-755b6ac elementor-align-center exad-sticky-section-no exad-glass-effect-no elementor-invisible elementor-widget elementor-widget-button\" data-id=\"755b6ac\" data-element_type=\"widget\" data-settings=\"{&quot;_animation&quot;:&quot;fadeInDown&quot;}\" data-widget_type=\"button.default\">\n\t\t\t\t<div class=\"elementor-widget-container\">\n\t\t\t\t\t<div class=\"elementor-button-wrapper\">\n\t\t\t<a class=\"elementor-button elementor-button-link elementor-size-sm\" href=\"https:\/\/mathis-zominy.fr\/wordpress\/contact-2\/\">\n\t\t\t\t\t\t<span class=\"elementor-button-content-wrapper\">\n\t\t\t\t\t\t\t\t\t<span class=\"elementor-button-text\">me contacter<\/span>\n\t\t\t\t\t<\/span>\n\t\t\t\t\t<\/a>\n\t\t<\/div>\n\t\t\t\t<\/div>\n\t\t\t\t<\/div>\n\t\t\t\t<\/div>\n\t\t\t\t<\/div>\n\t\t\t\t<\/div>\n\t\t","protected":false},"excerpt":{"rendered":"<p>Mathis Zominy \u00c0 propos de moi Je m\u2019appelle Mathis Zominy, j\u2019ai 21 ans et je suis dipl\u00f4m\u00e9 d\u2019un BUT M\u00e9tiers du Multim\u00e9dia et de l\u2019Internet (MMI) de l\u2019Universit\u00e9 de Toulon. Passionn\u00e9 par la cr\u00e9ation num\u00e9rique, je me sp\u00e9cialise dans le montage vid\u00e9o, la photographie et l\u2019animation 3D. \u00c0 travers mes projets, j\u2019aime m\u00e9langer cr\u00e9ativit\u00e9 et [&hellip;]<\/p>\n","protected":false},"author":1,"featured_media":0,"parent":0,"menu_order":0,"comment_status":"closed","ping_status":"closed","template":"elementor_header_footer","meta":{"footnotes":""},"class_list":["post-185","page","type-page","status-publish","hentry"],"_links":{"self":[{"href":"https:\/\/mathis-zominy.fr\/wordpress\/wp-json\/wp\/v2\/pages\/185","targetHints":{"allow":["GET"]}}],"collection":[{"href":"https:\/\/mathis-zominy.fr\/wordpress\/wp-json\/wp\/v2\/pages"}],"about":[{"href":"https:\/\/mathis-zominy.fr\/wordpress\/wp-json\/wp\/v2\/types\/page"}],"author":[{"embeddable":true,"href":"https:\/\/mathis-zominy.fr\/wordpress\/wp-json\/wp\/v2\/users\/1"}],"replies":[{"embeddable":true,"href":"https:\/\/mathis-zominy.fr\/wordpress\/wp-json\/wp\/v2\/comments?post=185"}],"version-history":[{"count":58,"href":"https:\/\/mathis-zominy.fr\/wordpress\/wp-json\/wp\/v2\/pages\/185\/revisions"}],"predecessor-version":[{"id":1267,"href":"https:\/\/mathis-zominy.fr\/wordpress\/wp-json\/wp\/v2\/pages\/185\/revisions\/1267"}],"wp:attachment":[{"href":"https:\/\/mathis-zominy.fr\/wordpress\/wp-json\/wp\/v2\/media?parent=185"}],"curies":[{"name":"wp","href":"https:\/\/api.w.org\/{rel}","templated":true}]}}