{"id":202,"date":"2025-02-19T18:35:35","date_gmt":"2025-02-19T18:35:35","guid":{"rendered":"https:\/\/mathis-zominy.fr\/wordpress\/home\/"},"modified":"2026-02-23T20:13:15","modified_gmt":"2026-02-23T20:13:15","slug":"home","status":"publish","type":"page","link":"https:\/\/mathis-zominy.fr\/wordpress\/","title":{"rendered":"Home"},"content":{"rendered":"\t\t<div data-elementor-type=\"wp-page\" data-elementor-id=\"202\" class=\"elementor elementor-202\">\n\t\t\t\t<div class=\"elementor-element elementor-element-7426c920 e-flex e-con-boxed e-con e-parent\" data-id=\"7426c920\" data-element_type=\"container\" data-settings=\"{&quot;background_background&quot;:&quot;video&quot;,&quot;background_video_link&quot;:&quot;https:\\\/\\\/youtu.be\\\/I3QduoYvVlU&quot;}\">\n\t\t\t\t\t<div class=\"e-con-inner\">\n\t\t<div class=\"elementor-background-video-container elementor-hidden-phone\">\n\t\t\t\t\t\t\t<div class=\"elementor-background-video-embed\"><\/div>\n\t\t\t\t\t\t<\/div>\t\t<div class=\"elementor-element elementor-element-4a0fd027 elementor-widget__width-initial animated-slow exad-sticky-section-no exad-glass-effect-no elementor-invisible elementor-widget elementor-widget-heading\" data-id=\"4a0fd027\" data-element_type=\"widget\" data-settings=\"{&quot;_animation&quot;:&quot;fadeIn&quot;,&quot;_animation_delay&quot;:500}\" data-widget_type=\"heading.default\">\n\t\t\t\t<div class=\"elementor-widget-container\">\n\t\t\t<h1 class=\"elementor-heading-title elementor-size-default\">Photographe et monteur vid\u00e9o<\/h1>\t\t<\/div>\n\t\t\t\t<\/div>\n\t\t\t\t<div class=\"elementor-element elementor-element-505bff5e animated-slow exad-sticky-section-no exad-glass-effect-no elementor-invisible elementor-widget elementor-widget-heading\" data-id=\"505bff5e\" data-element_type=\"widget\" data-settings=\"{&quot;_animation&quot;:&quot;fadeIn&quot;,&quot;_animation_delay&quot;:500}\" data-widget_type=\"heading.default\">\n\t\t\t\t<div class=\"elementor-widget-container\">\n\t\t\t<h5 class=\"elementor-heading-title elementor-size-default\">Je cr\u00e9e des visuels forts et immersifs \u00e0 travers la photographie et le montage vid\u00e9o, enrichis par l\u2019animation et la 3D. Qu\u2019il s\u2019agisse de projets artistiques, publicitaires ou cin\u00e9matographiques, je mets mon regard et mon savoir-faire au service de votre vision.<\/h5>\t\t<\/div>\n\t\t\t\t<\/div>\n\t\t\t\t<div class=\"elementor-element elementor-element-4b7c188d elementor-align-center animated-slow exad-sticky-section-no exad-glass-effect-no elementor-invisible elementor-widget elementor-widget-button\" data-id=\"4b7c188d\" data-element_type=\"widget\" data-settings=\"{&quot;_animation&quot;:&quot;fadeIn&quot;,&quot;_animation_delay&quot;:500}\" data-widget_type=\"button.default\">\n\t\t\t\t<div class=\"elementor-widget-container\">\n\t\t\t\t\t<div class=\"elementor-button-wrapper\">\n\t\t\t<a class=\"elementor-button elementor-button-link elementor-size-sm\" href=\"#Mathis\">\n\t\t\t\t\t\t<span class=\"elementor-button-content-wrapper\">\n\t\t\t\t\t\t\t\t\t<span class=\"elementor-button-text\">en Savoir plus<\/span>\n\t\t\t\t\t<\/span>\n\t\t\t\t\t<\/a>\n\t\t<\/div>\n\t\t\t\t<\/div>\n\t\t\t\t<\/div>\n\t\t\t\t\t<\/div>\n\t\t\t\t<\/div>\n\t\t<div class=\"elementor-element elementor-element-3034535b e-con-full e-flex e-con e-parent\" data-id=\"3034535b\" data-element_type=\"container\" id=\"Mathis\">\n\t\t<div class=\"elementor-element elementor-element-6a263b30 e-con-full e-flex e-con e-child\" data-id=\"6a263b30\" data-element_type=\"container\">\n\t\t\t\t<div class=\"elementor-element elementor-element-39b4cc8f exad-sticky-section-no exad-glass-effect-no elementor-widget elementor-widget-heading\" data-id=\"39b4cc8f\" data-element_type=\"widget\" data-widget_type=\"heading.default\">\n\t\t\t\t<div class=\"elementor-widget-container\">\n\t\t\t<h2 class=\"elementor-heading-title elementor-size-default\">Mathis Zominy<\/h2>\t\t<\/div>\n\t\t\t\t<\/div>\n\t\t\t\t<div class=\"elementor-element elementor-element-2ef045f7 exad-sticky-section-no exad-glass-effect-no elementor-widget elementor-widget-heading\" data-id=\"2ef045f7\" data-element_type=\"widget\" data-widget_type=\"heading.default\">\n\t\t\t\t<div class=\"elementor-widget-container\">\n\t\t\t<h5 class=\"elementor-heading-title elementor-size-default\">21 ans<\/h5>\t\t<\/div>\n\t\t\t\t<\/div>\n\t\t\t\t<div class=\"elementor-element elementor-element-6cca1cbf exad-sticky-section-no exad-glass-effect-no elementor-widget elementor-widget-text-editor\" data-id=\"6cca1cbf\" data-element_type=\"widget\" data-widget_type=\"text-editor.default\">\n\t\t\t\t<div class=\"elementor-widget-container\">\n\t\t\t\t\t\t\t<p data-start=\"100\" data-end=\"332\">Je suis <strong data-start=\"108\" data-end=\"177\">dipl\u00f4m\u00e9 d\u2019un BUT \u00ab M\u00e9tiers du Multim\u00e9dia et de l\u2019Internet \u00bb (MMI)<\/strong> \u00e0 l\u2019Universit\u00e9 de Toulon. \u00c0 travers ce portfolio, je vous invite \u00e0 d\u00e9couvrir mon parcours et ma passion pour le monde du multim\u00e9dia et de l\u2019audiovisuel.<\/p>\t\t\t\t\t\t<\/div>\n\t\t\t\t<\/div>\n\t\t\t\t<div class=\"elementor-element elementor-element-5b473ebf elementor-mobile-align-center exad-sticky-section-no exad-glass-effect-no elementor-invisible elementor-widget elementor-widget-button\" data-id=\"5b473ebf\" data-element_type=\"widget\" data-settings=\"{&quot;_animation&quot;:&quot;fadeInDown&quot;}\" data-widget_type=\"button.default\">\n\t\t\t\t<div class=\"elementor-widget-container\">\n\t\t\t\t\t<div class=\"elementor-button-wrapper\">\n\t\t\t<a class=\"elementor-button elementor-button-link elementor-size-sm\" href=\"https:\/\/mathis-zominy.fr\/wordpress\/about\/\">\n\t\t\t\t\t\t<span class=\"elementor-button-content-wrapper\">\n\t\t\t\t\t\t\t\t\t<span class=\"elementor-button-text\">\u00c0 propos<\/span>\n\t\t\t\t\t<\/span>\n\t\t\t\t\t<\/a>\n\t\t<\/div>\n\t\t\t\t<\/div>\n\t\t\t\t<\/div>\n\t\t\t\t<\/div>\n\t\t<div class=\"elementor-element elementor-element-5b47e6ab e-con-full e-flex e-con e-child\" data-id=\"5b47e6ab\" data-element_type=\"container\">\n\t\t\t\t<div class=\"elementor-element elementor-element-3f9683f3 exad-sticky-section-no exad-glass-effect-no elementor-widget elementor-widget-image\" data-id=\"3f9683f3\" data-element_type=\"widget\" data-widget_type=\"image.default\">\n\t\t\t\t<div class=\"elementor-widget-container\">\n\t\t\t\t\t\t\t\t\t\t\t\t\t<img fetchpriority=\"high\" decoding=\"async\" width=\"1080\" height=\"1590\" src=\"https:\/\/mathis-zominy.fr\/wordpress\/wp-content\/uploads\/2025\/02\/Screenshot_20241015_203453_Gallery.jpg\" class=\"attachment-full size-full wp-image-247\" alt=\"\" srcset=\"https:\/\/mathis-zominy.fr\/wordpress\/wp-content\/uploads\/2025\/02\/Screenshot_20241015_203453_Gallery.jpg 1080w, https:\/\/mathis-zominy.fr\/wordpress\/wp-content\/uploads\/2025\/02\/Screenshot_20241015_203453_Gallery-204x300.jpg 204w, https:\/\/mathis-zominy.fr\/wordpress\/wp-content\/uploads\/2025\/02\/Screenshot_20241015_203453_Gallery-696x1024.jpg 696w, https:\/\/mathis-zominy.fr\/wordpress\/wp-content\/uploads\/2025\/02\/Screenshot_20241015_203453_Gallery-768x1131.jpg 768w, https:\/\/mathis-zominy.fr\/wordpress\/wp-content\/uploads\/2025\/02\/Screenshot_20241015_203453_Gallery-1043x1536.jpg 1043w\" sizes=\"(max-width: 1080px) 100vw, 1080px\" \/>\t\t\t\t\t\t\t\t\t\t\t\t\t<\/div>\n\t\t\t\t<\/div>\n\t\t\t\t<\/div>\n\t\t\t\t<\/div>\n\t\t<div class=\"elementor-element elementor-element-a0f57ec e-con-full e-flex e-con e-parent\" data-id=\"a0f57ec\" data-element_type=\"container\" data-settings=\"{&quot;background_background&quot;:&quot;classic&quot;}\">\n\t\t\t\t<div class=\"elementor-element elementor-element-49b32ff7 exad-sticky-section-no exad-glass-effect-no elementor-widget elementor-widget-heading\" data-id=\"49b32ff7\" data-element_type=\"widget\" data-widget_type=\"heading.default\">\n\t\t\t\t<div class=\"elementor-widget-container\">\n\t\t\t<h2 class=\"elementor-heading-title elementor-size-default\">Mes cr\u00e9ations r\u00e9centes<\/h2>\t\t<\/div>\n\t\t\t\t<\/div>\n\t\t\t\t<div class=\"elementor-element elementor-element-825c12f exad-sticky-section-no exad-glass-effect-no elementor-widget elementor-widget-heading\" data-id=\"825c12f\" data-element_type=\"widget\" data-widget_type=\"heading.default\">\n\t\t\t\t<div class=\"elementor-widget-container\">\n\t\t\t<h5 class=\"elementor-heading-title elementor-size-default\">Photographie animali\u00e8re<\/h5>\t\t<\/div>\n\t\t\t\t<\/div>\n\t\t\t\t<div class=\"elementor-element elementor-element-53a6c907 gallery-spacing-custom exad-sticky-section-no exad-glass-effect-no elementor-widget elementor-widget-image-gallery\" data-id=\"53a6c907\" data-element_type=\"widget\" data-widget_type=\"image-gallery.default\">\n\t\t\t\t<div class=\"elementor-widget-container\">\n\t\t\t\t\t<div class=\"elementor-image-gallery\">\n\t\t\t<div id='gallery-1' class='gallery galleryid-202 gallery-columns-3 gallery-size-medium'><figure class='gallery-item'>\n\t\t\t<div class='gallery-icon portrait'>\n\t\t\t\t<a data-elementor-open-lightbox=\"yes\" data-elementor-lightbox-slideshow=\"53a6c907\" data-elementor-lightbox-title=\"DSC03218\" data-e-action-hash=\"#elementor-action%3Aaction%3Dlightbox%26settings%3DeyJpZCI6MTA4NCwidXJsIjoiaHR0cHM6XC9cL21hdGhpcy16b21pbnkuZnJcL3dvcmRwcmVzc1wvd3AtY29udGVudFwvdXBsb2Fkc1wvMjAyNlwvMDFcL0RTQzAzMjE4LTEuanBnIiwic2xpZGVzaG93IjoiNTNhNmM5MDcifQ%3D%3D\" href='https:\/\/mathis-zominy.fr\/wordpress\/wp-content\/uploads\/2026\/01\/DSC03218-1.jpg'><img decoding=\"async\" width=\"169\" height=\"300\" src=\"https:\/\/mathis-zominy.fr\/wordpress\/wp-content\/uploads\/2026\/01\/DSC03218-1-169x300.jpg\" class=\"attachment-medium size-medium\" alt=\"\" srcset=\"https:\/\/mathis-zominy.fr\/wordpress\/wp-content\/uploads\/2026\/01\/DSC03218-1-169x300.jpg 169w, https:\/\/mathis-zominy.fr\/wordpress\/wp-content\/uploads\/2026\/01\/DSC03218-1-576x1024.jpg 576w, https:\/\/mathis-zominy.fr\/wordpress\/wp-content\/uploads\/2026\/01\/DSC03218-1-768x1365.jpg 768w, https:\/\/mathis-zominy.fr\/wordpress\/wp-content\/uploads\/2026\/01\/DSC03218-1-864x1536.jpg 864w, https:\/\/mathis-zominy.fr\/wordpress\/wp-content\/uploads\/2026\/01\/DSC03218-1-1152x2048.jpg 1152w, https:\/\/mathis-zominy.fr\/wordpress\/wp-content\/uploads\/2026\/01\/DSC03218-1.jpg 1190w\" sizes=\"(max-width: 169px) 100vw, 169px\" \/><\/a>\n\t\t\t<\/div><\/figure><figure class='gallery-item'>\n\t\t\t<div class='gallery-icon portrait'>\n\t\t\t\t<a data-elementor-open-lightbox=\"yes\" data-elementor-lightbox-slideshow=\"53a6c907\" data-elementor-lightbox-title=\"DSC02049-2\" data-e-action-hash=\"#elementor-action%3Aaction%3Dlightbox%26settings%3DeyJpZCI6MTA5MSwidXJsIjoiaHR0cHM6XC9cL21hdGhpcy16b21pbnkuZnJcL3dvcmRwcmVzc1wvd3AtY29udGVudFwvdXBsb2Fkc1wvMjAyNlwvMDFcL0RTQzAyMDQ5LTIuanBnIiwic2xpZGVzaG93IjoiNTNhNmM5MDcifQ%3D%3D\" href='https:\/\/mathis-zominy.fr\/wordpress\/wp-content\/uploads\/2026\/01\/DSC02049-2.jpg'><img decoding=\"async\" width=\"169\" height=\"300\" src=\"https:\/\/mathis-zominy.fr\/wordpress\/wp-content\/uploads\/2026\/01\/DSC02049-2-169x300.jpg\" class=\"attachment-medium size-medium\" alt=\"\" srcset=\"https:\/\/mathis-zominy.fr\/wordpress\/wp-content\/uploads\/2026\/01\/DSC02049-2-169x300.jpg 169w, https:\/\/mathis-zominy.fr\/wordpress\/wp-content\/uploads\/2026\/01\/DSC02049-2-576x1024.jpg 576w, https:\/\/mathis-zominy.fr\/wordpress\/wp-content\/uploads\/2026\/01\/DSC02049-2-768x1365.jpg 768w, https:\/\/mathis-zominy.fr\/wordpress\/wp-content\/uploads\/2026\/01\/DSC02049-2-864x1536.jpg 864w, https:\/\/mathis-zominy.fr\/wordpress\/wp-content\/uploads\/2026\/01\/DSC02049-2.jpg 1012w\" sizes=\"(max-width: 169px) 100vw, 169px\" \/><\/a>\n\t\t\t<\/div><\/figure><figure class='gallery-item'>\n\t\t\t<div class='gallery-icon portrait'>\n\t\t\t\t<a data-elementor-open-lightbox=\"yes\" data-elementor-lightbox-slideshow=\"53a6c907\" data-elementor-lightbox-title=\"DSC03136\" data-e-action-hash=\"#elementor-action%3Aaction%3Dlightbox%26settings%3DeyJpZCI6MTA3OCwidXJsIjoiaHR0cHM6XC9cL21hdGhpcy16b21pbnkuZnJcL3dvcmRwcmVzc1wvd3AtY29udGVudFwvdXBsb2Fkc1wvMjAyNlwvMDFcL0RTQzAzMTM2LmpwZyIsInNsaWRlc2hvdyI6IjUzYTZjOTA3In0%3D\" href='https:\/\/mathis-zominy.fr\/wordpress\/wp-content\/uploads\/2026\/01\/DSC03136.jpg'><img loading=\"lazy\" decoding=\"async\" width=\"169\" height=\"300\" src=\"https:\/\/mathis-zominy.fr\/wordpress\/wp-content\/uploads\/2026\/01\/DSC03136-169x300.jpg\" class=\"attachment-medium size-medium\" alt=\"\" srcset=\"https:\/\/mathis-zominy.fr\/wordpress\/wp-content\/uploads\/2026\/01\/DSC03136-169x300.jpg 169w, https:\/\/mathis-zominy.fr\/wordpress\/wp-content\/uploads\/2026\/01\/DSC03136-576x1024.jpg 576w, https:\/\/mathis-zominy.fr\/wordpress\/wp-content\/uploads\/2026\/01\/DSC03136-768x1365.jpg 768w, https:\/\/mathis-zominy.fr\/wordpress\/wp-content\/uploads\/2026\/01\/DSC03136-864x1536.jpg 864w, https:\/\/mathis-zominy.fr\/wordpress\/wp-content\/uploads\/2026\/01\/DSC03136.jpg 957w\" sizes=\"(max-width: 169px) 100vw, 169px\" \/><\/a>\n\t\t\t<\/div><\/figure>\n\t\t<\/div>\n\t\t<\/div>\n\t\t\t\t<\/div>\n\t\t\t\t<\/div>\n\t\t\t\t<div class=\"elementor-element elementor-element-5a92b038 elementor-align-center exad-sticky-section-no exad-glass-effect-no elementor-invisible elementor-widget elementor-widget-button\" data-id=\"5a92b038\" data-element_type=\"widget\" data-settings=\"{&quot;_animation&quot;:&quot;fadeInDown&quot;}\" data-widget_type=\"button.default\">\n\t\t\t\t<div class=\"elementor-widget-container\">\n\t\t\t\t\t<div class=\"elementor-button-wrapper\">\n\t\t\t<a class=\"elementor-button elementor-button-link elementor-size-sm\" href=\"https:\/\/mathis-zominy.fr\/wordpress\/portfolio\/\">\n\t\t\t\t\t\t<span class=\"elementor-button-content-wrapper\">\n\t\t\t\t\t\t\t\t\t<span class=\"elementor-button-text\">Toutes mes cr\u00e9ations<\/span>\n\t\t\t\t\t<\/span>\n\t\t\t\t\t<\/a>\n\t\t<\/div>\n\t\t\t\t<\/div>\n\t\t\t\t<\/div>\n\t\t\t\t<\/div>\n\t\t<div class=\"elementor-element elementor-element-47f0844 e-con-full e-flex e-con e-parent\" data-id=\"47f0844\" data-element_type=\"container\" data-settings=\"{&quot;background_background&quot;:&quot;classic&quot;}\">\n\t\t\t\t<div class=\"elementor-element elementor-element-d9f17d9 exad-sticky-section-no exad-glass-effect-no elementor-widget elementor-widget-heading\" data-id=\"d9f17d9\" data-element_type=\"widget\" data-widget_type=\"heading.default\">\n\t\t\t\t<div class=\"elementor-widget-container\">\n\t\t\t<h2 class=\"elementor-heading-title elementor-size-default\">Mes comp\u00e9tences<\/h2>\t\t<\/div>\n\t\t\t\t<\/div>\n\t\t\t\t<div class=\"elementor-element elementor-element-d8c30d0 gallery-spacing-custom exad-sticky-section-no exad-glass-effect-no elementor-widget elementor-widget-image-gallery\" data-id=\"d8c30d0\" data-element_type=\"widget\" data-widget_type=\"image-gallery.default\">\n\t\t\t\t<div class=\"elementor-widget-container\">\n\t\t\t\t\t<div class=\"elementor-image-gallery\">\n\t\t\t<div id='gallery-2' class='gallery galleryid-202 gallery-columns-3 gallery-size-thumbnail'><figure class='gallery-item'>\n\t\t\t<div class='gallery-icon landscape'>\n\t\t\t\t<a data-elementor-open-lightbox=\"yes\" data-elementor-lightbox-slideshow=\"d8c30d0\" data-elementor-lightbox-title=\"blender\" data-e-action-hash=\"#elementor-action%3Aaction%3Dlightbox%26settings%3DeyJpZCI6MTEsInVybCI6Imh0dHBzOlwvXC9tYXRoaXMtem9taW55LmZyXC93b3JkcHJlc3NcL3dwLWNvbnRlbnRcL3VwbG9hZHNcLzIwMjNcLzExXC9ibGVuZGVyLnBuZyIsInNsaWRlc2hvdyI6ImQ4YzMwZDAifQ%3D%3D\" href='https:\/\/mathis-zominy.fr\/wordpress\/wp-content\/uploads\/2023\/11\/blender.png'><img loading=\"lazy\" decoding=\"async\" width=\"150\" height=\"150\" src=\"https:\/\/mathis-zominy.fr\/wordpress\/wp-content\/uploads\/2023\/11\/blender-150x150.png\" class=\"attachment-thumbnail size-thumbnail\" alt=\"\" srcset=\"https:\/\/mathis-zominy.fr\/wordpress\/wp-content\/uploads\/2023\/11\/blender-150x150.png 150w, https:\/\/mathis-zominy.fr\/wordpress\/wp-content\/uploads\/2023\/11\/blender-300x300.png 300w, https:\/\/mathis-zominy.fr\/wordpress\/wp-content\/uploads\/2023\/11\/blender-768x768.png 768w, https:\/\/mathis-zominy.fr\/wordpress\/wp-content\/uploads\/2023\/11\/blender.png 1024w\" sizes=\"(max-width: 150px) 100vw, 150px\" \/><\/a>\n\t\t\t<\/div><\/figure><figure class='gallery-item'>\n\t\t\t<div class='gallery-icon landscape'>\n\t\t\t\t<a data-elementor-open-lightbox=\"yes\" data-elementor-lightbox-slideshow=\"d8c30d0\" data-elementor-lightbox-title=\"Adobe Premi\u00e8re PRO\" data-e-action-hash=\"#elementor-action%3Aaction%3Dlightbox%26settings%3DeyJpZCI6MTIsInVybCI6Imh0dHBzOlwvXC9tYXRoaXMtem9taW55LmZyXC93b3JkcHJlc3NcL3dwLWNvbnRlbnRcL3VwbG9hZHNcLzIwMjNcLzExXC9wcmVtaWVyZXByby5wbmciLCJzbGlkZXNob3ciOiJkOGMzMGQwIn0%3D\" href='https:\/\/mathis-zominy.fr\/wordpress\/wp-content\/uploads\/2023\/11\/premierepro.png'><img loading=\"lazy\" decoding=\"async\" width=\"150\" height=\"150\" src=\"https:\/\/mathis-zominy.fr\/wordpress\/wp-content\/uploads\/2023\/11\/premierepro-150x150.png\" class=\"attachment-thumbnail size-thumbnail\" alt=\"\" srcset=\"https:\/\/mathis-zominy.fr\/wordpress\/wp-content\/uploads\/2023\/11\/premierepro-150x150.png 150w, https:\/\/mathis-zominy.fr\/wordpress\/wp-content\/uploads\/2023\/11\/premierepro-300x300.png 300w, https:\/\/mathis-zominy.fr\/wordpress\/wp-content\/uploads\/2023\/11\/premierepro-768x768.png 768w, https:\/\/mathis-zominy.fr\/wordpress\/wp-content\/uploads\/2023\/11\/premierepro.png 1024w\" sizes=\"(max-width: 150px) 100vw, 150px\" \/><\/a>\n\t\t\t<\/div><\/figure><figure class='gallery-item'>\n\t\t\t<div class='gallery-icon landscape'>\n\t\t\t\t<a data-elementor-open-lightbox=\"yes\" data-elementor-lightbox-slideshow=\"d8c30d0\" data-elementor-lightbox-title=\"Adobe After Effect\" data-e-action-hash=\"#elementor-action%3Aaction%3Dlightbox%26settings%3DeyJpZCI6MTQsInVybCI6Imh0dHBzOlwvXC9tYXRoaXMtem9taW55LmZyXC93b3JkcHJlc3NcL3dwLWNvbnRlbnRcL3VwbG9hZHNcLzIwMjNcLzExXC9BZnRlci1FZmZlY3RzLUxvZ28tMjA0OHgxMTYxLTEucG5nIiwic2xpZGVzaG93IjoiZDhjMzBkMCJ9\" href='https:\/\/mathis-zominy.fr\/wordpress\/wp-content\/uploads\/2023\/11\/After-Effects-Logo-2048x1161-1.png'><img loading=\"lazy\" decoding=\"async\" width=\"150\" height=\"150\" src=\"https:\/\/mathis-zominy.fr\/wordpress\/wp-content\/uploads\/2023\/11\/After-Effects-Logo-2048x1161-1-150x150.png\" class=\"attachment-thumbnail size-thumbnail\" alt=\"\" \/><\/a>\n\t\t\t<\/div><\/figure>\n\t\t<\/div>\n\t\t<\/div>\n\t\t\t\t<\/div>\n\t\t\t\t<\/div>\n\t\t<div class=\"elementor-element elementor-element-64baf2cb e-con-full e-flex e-con e-child\" data-id=\"64baf2cb\" data-element_type=\"container\" data-settings=\"{&quot;background_background&quot;:&quot;classic&quot;}\">\n\t\t\t\t<div class=\"elementor-element elementor-element-439cd7c4 elementor-widget__width-initial exad-sticky-section-no exad-glass-effect-no elementor-widget elementor-widget-heading\" data-id=\"439cd7c4\" data-element_type=\"widget\" data-widget_type=\"heading.default\">\n\t\t\t\t<div class=\"elementor-widget-container\">\n\t\t\t<h2 class=\"elementor-heading-title elementor-size-default\">Donnez vie \u00e0 vos id\u00e9es <br>Travaillons ensemble !<\/h2>\t\t<\/div>\n\t\t\t\t<\/div>\n\t\t\t\t<div class=\"elementor-element elementor-element-0457ab9 elementor-widget__width-initial exad-sticky-section-no exad-glass-effect-no elementor-widget elementor-widget-heading\" data-id=\"0457ab9\" data-element_type=\"widget\" data-widget_type=\"heading.default\">\n\t\t\t\t<div class=\"elementor-widget-container\">\n\t\t\t<h2 class=\"elementor-heading-title elementor-size-default\">Passionn\u00e9 par la photographie et la vid\u00e9o, je vous accompagne pour cr\u00e9er des portraits authentiques en ext\u00e9rieur, des images de vos animaux de compagnie et des vid\u00e9os professionnelles pour valoriser votre activit\u00e9.<\/h2>\t\t<\/div>\n\t\t\t\t<\/div>\n\t\t\t\t<div class=\"elementor-element elementor-element-1bd879b0 elementor-align-center exad-sticky-section-no exad-glass-effect-no elementor-invisible elementor-widget elementor-widget-button\" data-id=\"1bd879b0\" data-element_type=\"widget\" data-settings=\"{&quot;_animation&quot;:&quot;fadeInDown&quot;}\" data-widget_type=\"button.default\">\n\t\t\t\t<div class=\"elementor-widget-container\">\n\t\t\t\t\t<div class=\"elementor-button-wrapper\">\n\t\t\t<a class=\"elementor-button elementor-button-link elementor-size-sm\" href=\"https:\/\/mathis-zominy.fr\/wordpress\/contact-2\/\">\n\t\t\t\t\t\t<span class=\"elementor-button-content-wrapper\">\n\t\t\t\t\t\t\t\t\t<span class=\"elementor-button-text\">me contacter<\/span>\n\t\t\t\t\t<\/span>\n\t\t\t\t\t<\/a>\n\t\t<\/div>\n\t\t\t\t<\/div>\n\t\t\t\t<\/div>\n\t\t\t\t<\/div>\n\t\t\t\t<\/div>\n\t\t\t\t<\/div>\n\t\t","protected":false},"excerpt":{"rendered":"<p>Photographe et monteur vid\u00e9o Je cr\u00e9e des visuels forts et immersifs \u00e0 travers la photographie et le montage vid\u00e9o, enrichis par l\u2019animation et la 3D. Qu\u2019il s\u2019agisse de projets artistiques, publicitaires ou cin\u00e9matographiques, je mets mon regard et mon savoir-faire au service de votre vision. en Savoir plus Mathis Zominy 21 ans Je suis dipl\u00f4m\u00e9 [&hellip;]<\/p>\n","protected":false},"author":1,"featured_media":0,"parent":0,"menu_order":0,"comment_status":"closed","ping_status":"closed","template":"elementor_header_footer","meta":{"footnotes":""},"class_list":["post-202","page","type-page","status-publish","hentry"],"_links":{"self":[{"href":"https:\/\/mathis-zominy.fr\/wordpress\/wp-json\/wp\/v2\/pages\/202","targetHints":{"allow":["GET"]}}],"collection":[{"href":"https:\/\/mathis-zominy.fr\/wordpress\/wp-json\/wp\/v2\/pages"}],"about":[{"href":"https:\/\/mathis-zominy.fr\/wordpress\/wp-json\/wp\/v2\/types\/page"}],"author":[{"embeddable":true,"href":"https:\/\/mathis-zominy.fr\/wordpress\/wp-json\/wp\/v2\/users\/1"}],"replies":[{"embeddable":true,"href":"https:\/\/mathis-zominy.fr\/wordpress\/wp-json\/wp\/v2\/comments?post=202"}],"version-history":[{"count":103,"href":"https:\/\/mathis-zominy.fr\/wordpress\/wp-json\/wp\/v2\/pages\/202\/revisions"}],"predecessor-version":[{"id":1258,"href":"https:\/\/mathis-zominy.fr\/wordpress\/wp-json\/wp\/v2\/pages\/202\/revisions\/1258"}],"wp:attachment":[{"href":"https:\/\/mathis-zominy.fr\/wordpress\/wp-json\/wp\/v2\/media?parent=202"}],"curies":[{"name":"wp","href":"https:\/\/api.w.org\/{rel}","templated":true}]}}