{"id":519,"date":"2025-03-04T08:04:04","date_gmt":"2025-03-04T08:04:04","guid":{"rendered":"https:\/\/mathis-zominy.fr\/wordpress\/?page_id=519"},"modified":"2026-01-19T20:37:26","modified_gmt":"2026-01-19T20:37:26","slug":"logo-mz","status":"publish","type":"page","link":"https:\/\/mathis-zominy.fr\/wordpress\/logo-mz\/","title":{"rendered":"Logo MZ"},"content":{"rendered":"\t\t<div data-elementor-type=\"wp-page\" data-elementor-id=\"519\" class=\"elementor elementor-519\">\n\t\t\t\t<div class=\"elementor-element elementor-element-6fd5730 e-con-full e-flex e-con e-parent\" data-id=\"6fd5730\" data-element_type=\"container\" data-settings=\"{&quot;background_background&quot;:&quot;classic&quot;}\">\n\t\t<div class=\"elementor-element elementor-element-719ea70 e-con-full e-flex e-con e-child\" data-id=\"719ea70\" data-element_type=\"container\">\n\t\t\t\t<div class=\"elementor-element elementor-element-4802b9c exad-sticky-section-no exad-glass-effect-no elementor-widget elementor-widget-heading\" data-id=\"4802b9c\" data-element_type=\"widget\" data-widget_type=\"heading.default\">\n\t\t\t\t<div class=\"elementor-widget-container\">\n\t\t\t<h2 class=\"elementor-heading-title elementor-size-default\">Logo Mathis Zominy<\/h2>\t\t<\/div>\n\t\t\t\t<\/div>\n\t\t\t\t<div class=\"elementor-element elementor-element-28ff60e exad-sticky-section-no exad-glass-effect-no elementor-widget elementor-widget-text-editor\" data-id=\"28ff60e\" data-element_type=\"widget\" data-widget_type=\"text-editor.default\">\n\t\t\t\t<div class=\"elementor-widget-container\">\n\t\t\t\t\t\t\t<p>Lors de ma premi\u00e8re ann\u00e9e en BUT M\u00e9tiers du Multim\u00e9dia et de l&rsquo;Internet (MMI) \u00e0 Toulon, j&rsquo;ai con\u00e7u mon logo personnel \u00ab\u00a0MZ\u00a0\u00bb, une identit\u00e9 visuelle qui me repr\u00e9sente. Ce projet marque une \u00e9tape importante dans mon parcours de designer, illustrant ma ma\u00eetrise des outils de cr\u00e9ation graphique.<\/p><p data-start=\"441\" data-end=\"743\">J&rsquo;ai utilis\u00e9 Adobe Illustrator pour concevoir ce logo, explorant diff\u00e9rentes approches typographiques et graphiques afin de trouver un \u00e9quilibre entre minimalisme et impact visuel. Mon objectif \u00e9tait de cr\u00e9er une identit\u00e9 reconnaissable.<\/p>\t\t\t\t\t\t<\/div>\n\t\t\t\t<\/div>\n\t\t\t\t<\/div>\n\t\t<div class=\"elementor-element elementor-element-400794b e-con-full e-flex e-con e-child\" data-id=\"400794b\" data-element_type=\"container\">\n\t\t\t\t<div class=\"elementor-element elementor-element-58749e2 exad-sticky-section-no exad-glass-effect-no elementor-widget elementor-widget-image\" data-id=\"58749e2\" data-element_type=\"widget\" data-widget_type=\"image.default\">\n\t\t\t\t<div class=\"elementor-widget-container\">\n\t\t\t\t\t\t\t\t\t\t\t\t\t<img fetchpriority=\"high\" decoding=\"async\" width=\"300\" height=\"247\" src=\"https:\/\/mathis-zominy.fr\/wordpress\/wp-content\/uploads\/2023\/11\/Logo_Mathis_Zominy_B1_bis-300x247.png\" class=\"attachment-medium size-medium wp-image-38\" alt=\"\" srcset=\"https:\/\/mathis-zominy.fr\/wordpress\/wp-content\/uploads\/2023\/11\/Logo_Mathis_Zominy_B1_bis-300x247.png 300w, https:\/\/mathis-zominy.fr\/wordpress\/wp-content\/uploads\/2023\/11\/Logo_Mathis_Zominy_B1_bis-768x631.png 768w, https:\/\/mathis-zominy.fr\/wordpress\/wp-content\/uploads\/2023\/11\/Logo_Mathis_Zominy_B1_bis.png 864w\" sizes=\"(max-width: 300px) 100vw, 300px\" \/>\t\t\t\t\t\t\t\t\t\t\t\t\t<\/div>\n\t\t\t\t<\/div>\n\t\t\t\t<\/div>\n\t\t\t\t<\/div>\n\t\t<div class=\"elementor-element elementor-element-3712ada e-con-full e-flex e-con e-parent\" data-id=\"3712ada\" data-element_type=\"container\" data-settings=\"{&quot;background_background&quot;:&quot;classic&quot;}\">\n\t\t\t\t<div class=\"elementor-element elementor-element-0f04623 elementor-widget-divider--view-line exad-sticky-section-no exad-glass-effect-no elementor-widget elementor-widget-divider\" data-id=\"0f04623\" data-element_type=\"widget\" data-widget_type=\"divider.default\">\n\t\t\t\t<div class=\"elementor-widget-container\">\n\t\t\t\t\t<div class=\"elementor-divider\">\n\t\t\t<span class=\"elementor-divider-separator\">\n\t\t\t\t\t\t<\/span>\n\t\t<\/div>\n\t\t\t\t<\/div>\n\t\t\t\t<\/div>\n\t\t\t\t<\/div>\n\t\t<div class=\"elementor-element elementor-element-e2fbf67 e-con-full e-flex e-con e-parent\" data-id=\"e2fbf67\" data-element_type=\"container\" data-settings=\"{&quot;background_background&quot;:&quot;classic&quot;}\">\n\t\t<div class=\"elementor-element elementor-element-d6db704 e-con-full e-flex e-con e-child\" data-id=\"d6db704\" data-element_type=\"container\" data-settings=\"{&quot;background_background&quot;:&quot;classic&quot;}\">\n\t\t\t\t<div class=\"elementor-element elementor-element-2daf5c6 exad-sticky-section-no exad-glass-effect-no elementor-widget elementor-widget-image\" data-id=\"2daf5c6\" data-element_type=\"widget\" data-widget_type=\"image.default\">\n\t\t\t\t<div class=\"elementor-widget-container\">\n\t\t\t\t\t\t\t\t\t\t\t\t\t<img decoding=\"async\" width=\"300\" height=\"300\" src=\"https:\/\/mathis-zominy.fr\/wordpress\/wp-content\/uploads\/2023\/11\/Mathis_logo-1-300x300.png\" class=\"attachment-medium size-medium wp-image-66\" alt=\"Logo mz\" srcset=\"https:\/\/mathis-zominy.fr\/wordpress\/wp-content\/uploads\/2023\/11\/Mathis_logo-1-300x300.png 300w, https:\/\/mathis-zominy.fr\/wordpress\/wp-content\/uploads\/2023\/11\/Mathis_logo-1-1024x1024.png 1024w, https:\/\/mathis-zominy.fr\/wordpress\/wp-content\/uploads\/2023\/11\/Mathis_logo-1-150x150.png 150w, https:\/\/mathis-zominy.fr\/wordpress\/wp-content\/uploads\/2023\/11\/Mathis_logo-1-768x768.png 768w, https:\/\/mathis-zominy.fr\/wordpress\/wp-content\/uploads\/2023\/11\/Mathis_logo-1.png 1080w\" sizes=\"(max-width: 300px) 100vw, 300px\" \/>\t\t\t\t\t\t\t\t\t\t\t\t\t<\/div>\n\t\t\t\t<\/div>\n\t\t\t\t<\/div>\n\t\t<div class=\"elementor-element elementor-element-80ea3d8 e-con-full e-flex e-con e-child\" data-id=\"80ea3d8\" data-element_type=\"container\">\n\t\t\t\t<div class=\"elementor-element elementor-element-03d8f7d exad-sticky-section-no exad-glass-effect-no elementor-widget elementor-widget-heading\" data-id=\"03d8f7d\" data-element_type=\"widget\" data-widget_type=\"heading.default\">\n\t\t\t\t<div class=\"elementor-widget-container\">\n\t\t\t<h2 class=\"elementor-heading-title elementor-size-default\">D\u00e9clinaison<\/h2>\t\t<\/div>\n\t\t\t\t<\/div>\n\t\t\t\t<div class=\"elementor-element elementor-element-e42d8aa exad-sticky-section-no exad-glass-effect-no elementor-widget elementor-widget-text-editor\" data-id=\"e42d8aa\" data-element_type=\"widget\" data-widget_type=\"text-editor.default\">\n\t\t\t\t<div class=\"elementor-widget-container\">\n\t\t\t\t\t\t\t<p>Ce processus de cr\u00e9ation m&rsquo;a permis d&rsquo;appliquer les connaissances acquises en cours, notamment en composition, en vectorisation et en choix des formes. J&rsquo;ai exp\u00e9riment\u00e9 plusieurs variantes avant d&rsquo;arriver \u00e0 un design qui me correspond pleinement. Cette d\u00e9marche m&rsquo;a \u00e9galement appris \u00e0 affiner mon regard critique et \u00e0 perfectionner mon workflow sur Illustrator.<\/p><p>Ce logo ne se limite pas \u00e0 une simple cr\u00e9ation graphique, il incarne mon \u00e9volution en tant que designer et mon engagement envers une identit\u00e9 visuelle coh\u00e9rente et professionnelle. Il me servira dans mes futurs projets, que ce soit pour du branding personnel ou des d\u00e9clinaisons sur divers supports num\u00e9riques et imprim\u00e9s.<\/p>\t\t\t\t\t\t<\/div>\n\t\t\t\t<\/div>\n\t\t\t\t<\/div>\n\t\t\t\t<\/div>\n\t\t\t\t<\/div>\n\t\t","protected":false},"excerpt":{"rendered":"<p>Logo Mathis Zominy Lors de ma premi\u00e8re ann\u00e9e en BUT M\u00e9tiers du Multim\u00e9dia et de l&rsquo;Internet (MMI) \u00e0 Toulon, j&rsquo;ai con\u00e7u mon logo personnel \u00ab\u00a0MZ\u00a0\u00bb, une identit\u00e9 visuelle qui me repr\u00e9sente. Ce projet marque une \u00e9tape importante dans mon parcours de designer, illustrant ma ma\u00eetrise des outils de cr\u00e9ation graphique. J&rsquo;ai utilis\u00e9 Adobe Illustrator pour [&hellip;]<\/p>\n","protected":false},"author":1,"featured_media":66,"parent":0,"menu_order":0,"comment_status":"closed","ping_status":"closed","template":"","meta":{"footnotes":""},"class_list":["post-519","page","type-page","status-publish","has-post-thumbnail","hentry"],"_links":{"self":[{"href":"https:\/\/mathis-zominy.fr\/wordpress\/wp-json\/wp\/v2\/pages\/519","targetHints":{"allow":["GET"]}}],"collection":[{"href":"https:\/\/mathis-zominy.fr\/wordpress\/wp-json\/wp\/v2\/pages"}],"about":[{"href":"https:\/\/mathis-zominy.fr\/wordpress\/wp-json\/wp\/v2\/types\/page"}],"author":[{"embeddable":true,"href":"https:\/\/mathis-zominy.fr\/wordpress\/wp-json\/wp\/v2\/users\/1"}],"replies":[{"embeddable":true,"href":"https:\/\/mathis-zominy.fr\/wordpress\/wp-json\/wp\/v2\/comments?post=519"}],"version-history":[{"count":10,"href":"https:\/\/mathis-zominy.fr\/wordpress\/wp-json\/wp\/v2\/pages\/519\/revisions"}],"predecessor-version":[{"id":1213,"href":"https:\/\/mathis-zominy.fr\/wordpress\/wp-json\/wp\/v2\/pages\/519\/revisions\/1213"}],"wp:featuredmedia":[{"embeddable":true,"href":"https:\/\/mathis-zominy.fr\/wordpress\/wp-json\/wp\/v2\/media\/66"}],"wp:attachment":[{"href":"https:\/\/mathis-zominy.fr\/wordpress\/wp-json\/wp\/v2\/media?parent=519"}],"curies":[{"name":"wp","href":"https:\/\/api.w.org\/{rel}","templated":true}]}}