{"id":680,"date":"2025-03-05T08:13:24","date_gmt":"2025-03-05T08:13:24","guid":{"rendered":"https:\/\/mathis-zominy.fr\/wordpress\/?page_id=680"},"modified":"2026-01-19T20:34:51","modified_gmt":"2026-01-19T20:34:51","slug":"interview-tomlola","status":"publish","type":"page","link":"https:\/\/mathis-zominy.fr\/wordpress\/interview-tomlola\/","title":{"rendered":"Interview Tom&amp;Lola"},"content":{"rendered":"\t\t<div data-elementor-type=\"wp-page\" data-elementor-id=\"680\" class=\"elementor elementor-680\">\n\t\t\t\t<div class=\"elementor-element elementor-element-6fd5730 e-con-full e-flex e-con e-parent\" data-id=\"6fd5730\" data-element_type=\"container\" data-settings=\"{&quot;background_background&quot;:&quot;classic&quot;}\">\n\t\t<div class=\"elementor-element elementor-element-719ea70 e-con-full e-flex e-con e-child\" data-id=\"719ea70\" data-element_type=\"container\">\n\t\t\t\t<div class=\"elementor-element elementor-element-4802b9c exad-sticky-section-no exad-glass-effect-no elementor-widget elementor-widget-heading\" data-id=\"4802b9c\" data-element_type=\"widget\" data-widget_type=\"heading.default\">\n\t\t\t\t<div class=\"elementor-widget-container\">\n\t\t\t<h2 class=\"elementor-heading-title elementor-size-default\">Interview R\u00e9alisatrice<\/h2>\t\t<\/div>\n\t\t\t\t<\/div>\n\t\t\t\t<div class=\"elementor-element elementor-element-28ff60e exad-sticky-section-no exad-glass-effect-no elementor-widget elementor-widget-text-editor\" data-id=\"28ff60e\" data-element_type=\"widget\" data-widget_type=\"text-editor.default\">\n\t\t\t\t<div class=\"elementor-widget-container\">\n\t\t\t\t\t\t\t<p data-start=\"77\" data-end=\"569\">Lors du <strong data-start=\"85\" data-end=\"107\">quatri\u00e8me semestre<\/strong> de ma deuxi\u00e8me ann\u00e9e en <strong data-start=\"132\" data-end=\"184\">BUT M\u00e9tiers du Multim\u00e9dia et de l&rsquo;Internet (MMI)<\/strong> \u00e0 Toulon, j\u2019ai eu l\u2019opportunit\u00e9 de r\u00e9aliser des interviews pour la s\u00e9rie <strong data-start=\"258\" data-end=\"272\">Tom &amp; Lola<\/strong>, diffus\u00e9e sur <strong data-start=\"287\" data-end=\"299\" data-is-only-node=\"\">France 2<\/strong>. Ce projet nous a permis d\u2019\u00e9changer avec deux figures cl\u00e9s de la production : <strong data-start=\"378\" data-end=\"409\">la directrice de production<\/strong>, qui nous a partag\u00e9 des anecdotes sur les coulisses, et <strong data-start=\"466\" data-end=\"485\">la r\u00e9alisatrice<\/strong>, qui a r\u00e9pondu \u00e0 nos questions sur la conception et la mise en sc\u00e8ne de la s\u00e9rie.<\/p><p data-start=\"571\" data-end=\"963\">Ces interviews ont \u00e9t\u00e9 <strong data-start=\"594\" data-end=\"623\">film\u00e9es avec un Sony A7IV<\/strong>, ce qui nous a permis de capturer des images de qualit\u00e9 professionnelle, avec un souci particulier apport\u00e9 au <strong data-start=\"734\" data-end=\"794\">cadrage, \u00e0 la gestion de la lumi\u00e8re et \u00e0 la prise de son<\/strong>. Nous avons travaill\u00e9 sur la mise en place d\u2019un <strong data-start=\"843\" data-end=\"886\">setup d\u2019interview dynamique et immersif<\/strong>, visant \u00e0 retranscrire au mieux l\u2019ambiance et l\u2019authenticit\u00e9 des \u00e9changes.<\/p>\t\t\t\t\t\t<\/div>\n\t\t\t\t<\/div>\n\t\t\t\t<\/div>\n\t\t<div class=\"elementor-element elementor-element-400794b e-con-full e-flex e-con e-child\" data-id=\"400794b\" data-element_type=\"container\">\n\t\t\t\t<div class=\"elementor-element elementor-element-ae5379a exad-sticky-section-no exad-glass-effect-no elementor-widget elementor-widget-video\" data-id=\"ae5379a\" data-element_type=\"widget\" data-settings=\"{&quot;youtube_url&quot;:&quot;https:\\\/\\\/youtu.be\\\/rASjGXGuqR0&quot;,&quot;video_type&quot;:&quot;youtube&quot;,&quot;controls&quot;:&quot;yes&quot;}\" data-widget_type=\"video.default\">\n\t\t\t\t<div class=\"elementor-widget-container\">\n\t\t\t\t\t<div class=\"elementor-wrapper elementor-open-inline\">\n\t\t\t<div class=\"elementor-video\"><\/div>\t\t<\/div>\n\t\t\t\t<\/div>\n\t\t\t\t<\/div>\n\t\t\t\t<\/div>\n\t\t\t\t<\/div>\n\t\t<div class=\"elementor-element elementor-element-3712ada e-con-full e-flex e-con e-parent\" data-id=\"3712ada\" data-element_type=\"container\" data-settings=\"{&quot;background_background&quot;:&quot;classic&quot;}\">\n\t\t\t\t<div class=\"elementor-element elementor-element-0f04623 elementor-widget-divider--view-line exad-sticky-section-no exad-glass-effect-no elementor-widget elementor-widget-divider\" data-id=\"0f04623\" data-element_type=\"widget\" data-widget_type=\"divider.default\">\n\t\t\t\t<div class=\"elementor-widget-container\">\n\t\t\t\t\t<div class=\"elementor-divider\">\n\t\t\t<span class=\"elementor-divider-separator\">\n\t\t\t\t\t\t<\/span>\n\t\t<\/div>\n\t\t\t\t<\/div>\n\t\t\t\t<\/div>\n\t\t\t\t<\/div>\n\t\t<div class=\"elementor-element elementor-element-e2fbf67 e-con-full e-flex e-con e-parent\" data-id=\"e2fbf67\" data-element_type=\"container\" data-settings=\"{&quot;background_background&quot;:&quot;classic&quot;}\">\n\t\t<div class=\"elementor-element elementor-element-d6db704 e-con-full e-flex e-con e-child\" data-id=\"d6db704\" data-element_type=\"container\" data-settings=\"{&quot;background_background&quot;:&quot;classic&quot;}\">\n\t\t\t\t<div class=\"elementor-element elementor-element-8cc6f73 exad-sticky-section-no exad-glass-effect-no elementor-widget elementor-widget-video\" data-id=\"8cc6f73\" data-element_type=\"widget\" data-settings=\"{&quot;youtube_url&quot;:&quot;https:\\\/\\\/youtu.be\\\/w3BZWOKUkLo&quot;,&quot;video_type&quot;:&quot;youtube&quot;,&quot;controls&quot;:&quot;yes&quot;}\" data-widget_type=\"video.default\">\n\t\t\t\t<div class=\"elementor-widget-container\">\n\t\t\t\t\t<div class=\"elementor-wrapper elementor-open-inline\">\n\t\t\t<div class=\"elementor-video\"><\/div>\t\t<\/div>\n\t\t\t\t<\/div>\n\t\t\t\t<\/div>\n\t\t\t\t<\/div>\n\t\t<div class=\"elementor-element elementor-element-80ea3d8 e-con-full e-flex e-con e-child\" data-id=\"80ea3d8\" data-element_type=\"container\">\n\t\t\t\t<div class=\"elementor-element elementor-element-03d8f7d exad-sticky-section-no exad-glass-effect-no elementor-widget elementor-widget-heading\" data-id=\"03d8f7d\" data-element_type=\"widget\" data-widget_type=\"heading.default\">\n\t\t\t\t<div class=\"elementor-widget-container\">\n\t\t\t<h2 class=\"elementor-heading-title elementor-size-default\">Interview Directrice de production<\/h2>\t\t<\/div>\n\t\t\t\t<\/div>\n\t\t\t\t<div class=\"elementor-element elementor-element-e42d8aa exad-sticky-section-no exad-glass-effect-no elementor-widget elementor-widget-text-editor\" data-id=\"e42d8aa\" data-element_type=\"widget\" data-widget_type=\"text-editor.default\">\n\t\t\t\t<div class=\"elementor-widget-container\">\n\t\t\t\t\t\t\t<p data-start=\"965\" data-end=\"1315\">Ce projet m\u2019a permis de <strong data-start=\"989\" data-end=\"1033\">renforcer mes comp\u00e9tences en audiovisuel<\/strong>, notamment en <strong data-start=\"1048\" data-end=\"1113\">captation vid\u00e9o, gestion du mat\u00e9riel et direction d\u2019interview<\/strong>. Il a aussi \u00e9t\u00e9 une exp\u00e9rience pr\u00e9cieuse en termes de <strong data-start=\"1168\" data-end=\"1217\">pr\u00e9paration et de structuration des questions<\/strong>, afin de rendre les \u00e9changes fluides et pertinents pour mieux comprendre l\u2019univers de la s\u00e9rie.<\/p><p data-start=\"1317\" data-end=\"1703\">Pouvoir interagir directement avec des <strong data-start=\"1356\" data-end=\"1391\">professionnels de l\u2019audiovisuel<\/strong> et d\u00e9couvrir les coulisses d\u2019une production diffus\u00e9e \u00e0 la t\u00e9l\u00e9vision a \u00e9t\u00e9 une <strong data-start=\"1471\" data-end=\"1511\">exp\u00e9rience extr\u00eamement enrichissante<\/strong>. Cela m\u2019a permis de mieux saisir les <strong data-start=\"1549\" data-end=\"1589\">enjeux d\u2019une production t\u00e9l\u00e9visuelle<\/strong>, tout en d\u00e9veloppant des comp\u00e9tences essentielles pour la <strong data-start=\"1648\" data-end=\"1700\" data-is-only-node=\"\">r\u00e9alisation et la gestion de contenu audiovisuel<\/strong>.<\/p><p data-start=\"1705\" data-end=\"1913\">Cette immersion dans le monde de la t\u00e9l\u00e9vision a renforc\u00e9 mon int\u00e9r\u00eat pour le <strong data-start=\"1783\" data-end=\"1833\">journalisme audiovisuel et la production vid\u00e9o<\/strong>, et m\u2019a donn\u00e9 envie d\u2019explorer davantage cet univers dans mes futurs projets.<\/p>\t\t\t\t\t\t<\/div>\n\t\t\t\t<\/div>\n\t\t\t\t<\/div>\n\t\t\t\t<\/div>\n\t\t\t\t<\/div>\n\t\t","protected":false},"excerpt":{"rendered":"<p>Interview R\u00e9alisatrice Lors du quatri\u00e8me semestre de ma deuxi\u00e8me ann\u00e9e en BUT M\u00e9tiers du Multim\u00e9dia et de l&rsquo;Internet (MMI) \u00e0 Toulon, j\u2019ai eu l\u2019opportunit\u00e9 de r\u00e9aliser des interviews pour la s\u00e9rie Tom &amp; Lola, diffus\u00e9e sur France 2. Ce projet nous a permis d\u2019\u00e9changer avec deux figures cl\u00e9s de la production : la directrice de [&hellip;]<\/p>\n","protected":false},"author":1,"featured_media":66,"parent":0,"menu_order":0,"comment_status":"closed","ping_status":"closed","template":"","meta":{"footnotes":""},"class_list":["post-680","page","type-page","status-publish","has-post-thumbnail","hentry"],"_links":{"self":[{"href":"https:\/\/mathis-zominy.fr\/wordpress\/wp-json\/wp\/v2\/pages\/680","targetHints":{"allow":["GET"]}}],"collection":[{"href":"https:\/\/mathis-zominy.fr\/wordpress\/wp-json\/wp\/v2\/pages"}],"about":[{"href":"https:\/\/mathis-zominy.fr\/wordpress\/wp-json\/wp\/v2\/types\/page"}],"author":[{"embeddable":true,"href":"https:\/\/mathis-zominy.fr\/wordpress\/wp-json\/wp\/v2\/users\/1"}],"replies":[{"embeddable":true,"href":"https:\/\/mathis-zominy.fr\/wordpress\/wp-json\/wp\/v2\/comments?post=680"}],"version-history":[{"count":16,"href":"https:\/\/mathis-zominy.fr\/wordpress\/wp-json\/wp\/v2\/pages\/680\/revisions"}],"predecessor-version":[{"id":1204,"href":"https:\/\/mathis-zominy.fr\/wordpress\/wp-json\/wp\/v2\/pages\/680\/revisions\/1204"}],"wp:featuredmedia":[{"embeddable":true,"href":"https:\/\/mathis-zominy.fr\/wordpress\/wp-json\/wp\/v2\/media\/66"}],"wp:attachment":[{"href":"https:\/\/mathis-zominy.fr\/wordpress\/wp-json\/wp\/v2\/media?parent=680"}],"curies":[{"name":"wp","href":"https:\/\/api.w.org\/{rel}","templated":true}]}}