{"id":707,"date":"2025-03-05T10:07:58","date_gmt":"2025-03-05T10:07:58","guid":{"rendered":"https:\/\/mathis-zominy.fr\/wordpress\/?page_id=707"},"modified":"2026-01-19T20:35:43","modified_gmt":"2026-01-19T20:35:43","slug":"timelaps","status":"publish","type":"page","link":"https:\/\/mathis-zominy.fr\/wordpress\/timelaps\/","title":{"rendered":"Timelaps"},"content":{"rendered":"\t\t<div data-elementor-type=\"wp-page\" data-elementor-id=\"707\" class=\"elementor elementor-707\">\n\t\t\t\t<div class=\"elementor-element elementor-element-6fd5730 e-con-full e-flex e-con e-parent\" data-id=\"6fd5730\" data-element_type=\"container\" data-settings=\"{&quot;background_background&quot;:&quot;classic&quot;}\">\n\t\t<div class=\"elementor-element elementor-element-719ea70 e-con-full e-flex e-con e-child\" data-id=\"719ea70\" data-element_type=\"container\">\n\t\t\t\t<div class=\"elementor-element elementor-element-4802b9c exad-sticky-section-no exad-glass-effect-no elementor-widget elementor-widget-heading\" data-id=\"4802b9c\" data-element_type=\"widget\" data-widget_type=\"heading.default\">\n\t\t\t\t<div class=\"elementor-widget-container\">\n\t\t\t<h2 class=\"elementor-heading-title elementor-size-default\">Time laps<\/h2>\t\t<\/div>\n\t\t\t\t<\/div>\n\t\t\t\t<div class=\"elementor-element elementor-element-28ff60e exad-sticky-section-no exad-glass-effect-no elementor-widget elementor-widget-text-editor\" data-id=\"28ff60e\" data-element_type=\"widget\" data-widget_type=\"text-editor.default\">\n\t\t\t\t<div class=\"elementor-widget-container\">\n\t\t\t\t\t\t\t<p data-start=\"78\" data-end=\"451\">Lors du <strong data-start=\"86\" data-end=\"129\">quatri\u00e8me semestre de ma deuxi\u00e8me ann\u00e9e<\/strong> en <strong data-start=\"133\" data-end=\"185\">BUT M\u00e9tiers du Multim\u00e9dia et de l&rsquo;Internet (MMI)<\/strong> \u00e0 Toulon, j\u2019ai eu l\u2019opportunit\u00e9 de capturer un moment unique du processus de cr\u00e9ation des d\u00e9cors de la s\u00e9rie <strong data-start=\"295\" data-end=\"309\">Tom &amp; Lola<\/strong>, diffus\u00e9e sur <strong data-start=\"324\" data-end=\"336\" data-is-only-node=\"\">France 2<\/strong>. Pour cela, nous avons r\u00e9alis\u00e9 un <strong data-start=\"371\" data-end=\"385\">time-lapse<\/strong> mettant en sc\u00e8ne une peintre en train de donner vie aux d\u00e9cors.<\/p><p data-start=\"453\" data-end=\"795\">Gr\u00e2ce au <strong data-start=\"462\" data-end=\"494\">mode time-lapse du Sony A7IV<\/strong>, nous avons pu enregistrer des<strong data-start=\"522\" data-end=\"560\">\u00a0\u00e9tapes du travail artistique<\/strong>. Cette technique a permis de condenser <strong data-start=\"670\" data-end=\"722\">plusieurs heures de travail en quelques secondes<\/strong>, offrant ainsi une vision dynamique et immersive du processus cr\u00e9atif.<\/p>\t\t\t\t\t\t<\/div>\n\t\t\t\t<\/div>\n\t\t\t\t<\/div>\n\t\t<div class=\"elementor-element elementor-element-400794b e-con-full e-flex e-con e-child\" data-id=\"400794b\" data-element_type=\"container\">\n\t\t\t\t<div class=\"elementor-element elementor-element-9cb38ef exad-sticky-section-no exad-glass-effect-no elementor-widget elementor-widget-video\" data-id=\"9cb38ef\" data-element_type=\"widget\" data-settings=\"{&quot;youtube_url&quot;:&quot;https:\\\/\\\/youtu.be\\\/kMGyKpld90M&quot;,&quot;video_type&quot;:&quot;youtube&quot;,&quot;controls&quot;:&quot;yes&quot;}\" data-widget_type=\"video.default\">\n\t\t\t\t<div class=\"elementor-widget-container\">\n\t\t\t\t\t<div class=\"elementor-wrapper elementor-open-inline\">\n\t\t\t<div class=\"elementor-video\"><\/div>\t\t<\/div>\n\t\t\t\t<\/div>\n\t\t\t\t<\/div>\n\t\t\t\t<\/div>\n\t\t\t\t<\/div>\n\t\t<div class=\"elementor-element elementor-element-3712ada e-con-full e-flex e-con e-parent\" data-id=\"3712ada\" data-element_type=\"container\" data-settings=\"{&quot;background_background&quot;:&quot;classic&quot;}\">\n\t\t\t\t<div class=\"elementor-element elementor-element-0f04623 elementor-widget-divider--view-line exad-sticky-section-no exad-glass-effect-no elementor-widget elementor-widget-divider\" data-id=\"0f04623\" data-element_type=\"widget\" data-widget_type=\"divider.default\">\n\t\t\t\t<div class=\"elementor-widget-container\">\n\t\t\t\t\t<div class=\"elementor-divider\">\n\t\t\t<span class=\"elementor-divider-separator\">\n\t\t\t\t\t\t<\/span>\n\t\t<\/div>\n\t\t\t\t<\/div>\n\t\t\t\t<\/div>\n\t\t\t\t<\/div>\n\t\t<div class=\"elementor-element elementor-element-e2fbf67 e-con-full e-flex e-con e-parent\" data-id=\"e2fbf67\" data-element_type=\"container\" data-settings=\"{&quot;background_background&quot;:&quot;classic&quot;}\">\n\t\t<div class=\"elementor-element elementor-element-d6db704 e-con-full e-flex e-con e-child\" data-id=\"d6db704\" data-element_type=\"container\" data-settings=\"{&quot;background_background&quot;:&quot;classic&quot;}\">\n\t\t\t\t<div class=\"elementor-element elementor-element-2daf5c6 exad-sticky-section-no exad-glass-effect-no elementor-widget elementor-widget-image\" data-id=\"2daf5c6\" data-element_type=\"widget\" data-widget_type=\"image.default\">\n\t\t\t\t<div class=\"elementor-widget-container\">\n\t\t\t\t\t\t\t\t\t\t\t\t\t<img fetchpriority=\"high\" decoding=\"async\" width=\"1366\" height=\"2048\" src=\"https:\/\/mathis-zominy.fr\/wordpress\/wp-content\/uploads\/2025\/03\/JYN07709-scaled.jpg\" class=\"attachment-2048x2048 size-2048x2048 wp-image-596\" alt=\"\" srcset=\"https:\/\/mathis-zominy.fr\/wordpress\/wp-content\/uploads\/2025\/03\/JYN07709-scaled.jpg 1707w, https:\/\/mathis-zominy.fr\/wordpress\/wp-content\/uploads\/2025\/03\/JYN07709-200x300.jpg 200w, https:\/\/mathis-zominy.fr\/wordpress\/wp-content\/uploads\/2025\/03\/JYN07709-683x1024.jpg 683w, https:\/\/mathis-zominy.fr\/wordpress\/wp-content\/uploads\/2025\/03\/JYN07709-768x1152.jpg 768w, https:\/\/mathis-zominy.fr\/wordpress\/wp-content\/uploads\/2025\/03\/JYN07709-1024x1536.jpg 1024w\" sizes=\"(max-width: 1366px) 100vw, 1366px\" \/>\t\t\t\t\t\t\t\t\t\t\t\t\t<\/div>\n\t\t\t\t<\/div>\n\t\t\t\t<\/div>\n\t\t<div class=\"elementor-element elementor-element-80ea3d8 e-con-full e-flex e-con e-child\" data-id=\"80ea3d8\" data-element_type=\"container\">\n\t\t\t\t<div class=\"elementor-element elementor-element-e42d8aa exad-sticky-section-no exad-glass-effect-no elementor-widget elementor-widget-text-editor\" data-id=\"e42d8aa\" data-element_type=\"widget\" data-widget_type=\"text-editor.default\">\n\t\t\t\t<div class=\"elementor-widget-container\">\n\t\t\t\t\t\t\t<p data-start=\"797\" data-end=\"1166\">Ce projet m\u2019a permis de perfectionner mes comp\u00e9tences en <strong data-start=\"854\" data-end=\"921\">prise de vue fixe et en r\u00e9glages sp\u00e9cifiques pour le time-lapse<\/strong>, notamment en <strong data-start=\"936\" data-end=\"1026\">gestion de l\u2019intervalle de prise de vue, de la lumi\u00e8re et de la fluidit\u00e9 des s\u00e9quences<\/strong>. Il m\u2019a aussi appris \u00e0 anticiper <strong data-start=\"1060\" data-end=\"1092\">les variations de luminosit\u00e9<\/strong> et \u00e0 stabiliser l\u2019appareil pour garantir un rendu fluide et esth\u00e9tique.<\/p><p data-start=\"1168\" data-end=\"1550\">Cette exp\u00e9rience a renforc\u00e9 ma compr\u00e9hension de la <strong data-start=\"1219\" data-end=\"1280\">valorisation d\u2019un processus artistique \u00e0 travers la vid\u00e9o<\/strong> et m\u2019a permis d\u2019explorer une approche diff\u00e9rente de la narration visuelle. Voir l\u2019\u0153uvre prendre forme sous nos yeux en acc\u00e9l\u00e9r\u00e9 a donn\u00e9 une dimension captivante \u00e0 ce projet et a illustr\u00e9 de mani\u00e8re efficace le <strong data-start=\"1491\" data-end=\"1526\">travail minutieux et artistique<\/strong> r\u00e9alis\u00e9 en coulisses.<\/p><p data-start=\"1552\" data-end=\"1759\">Travailler sur ce <strong data-start=\"1570\" data-end=\"1584\">time-lapse<\/strong> a \u00e9t\u00e9 une <strong data-start=\"1595\" data-end=\"1623\">exp\u00e9rience enrichissante<\/strong>, alliant <strong data-start=\"1633\" data-end=\"1660\">technique et cr\u00e9ativit\u00e9<\/strong>, et m\u2019a donn\u00e9 envie d\u2019explorer davantage ce type de format dans mes futurs projets audiovisuels.<\/p><p>Ce logo ne se limite pas \u00e0 une simple cr\u00e9ation graphique, il incarne mon \u00e9volution en tant que designer et mon engagement envers une identit\u00e9 visuelle coh\u00e9rente et professionnelle. Il me servira dans mes futurs projets, que ce soit pour du branding personnel ou des d\u00e9clinaisons sur divers supports num\u00e9riques et imprim\u00e9s.<\/p>\t\t\t\t\t\t<\/div>\n\t\t\t\t<\/div>\n\t\t\t\t<\/div>\n\t\t\t\t<\/div>\n\t\t\t\t<\/div>\n\t\t","protected":false},"excerpt":{"rendered":"<p>Time laps Lors du quatri\u00e8me semestre de ma deuxi\u00e8me ann\u00e9e en BUT M\u00e9tiers du Multim\u00e9dia et de l&rsquo;Internet (MMI) \u00e0 Toulon, j\u2019ai eu l\u2019opportunit\u00e9 de capturer un moment unique du processus de cr\u00e9ation des d\u00e9cors de la s\u00e9rie Tom &amp; Lola, diffus\u00e9e sur France 2. Pour cela, nous avons r\u00e9alis\u00e9 un time-lapse mettant en sc\u00e8ne [&hellip;]<\/p>\n","protected":false},"author":1,"featured_media":66,"parent":0,"menu_order":0,"comment_status":"closed","ping_status":"closed","template":"","meta":{"footnotes":""},"class_list":["post-707","page","type-page","status-publish","has-post-thumbnail","hentry"],"_links":{"self":[{"href":"https:\/\/mathis-zominy.fr\/wordpress\/wp-json\/wp\/v2\/pages\/707","targetHints":{"allow":["GET"]}}],"collection":[{"href":"https:\/\/mathis-zominy.fr\/wordpress\/wp-json\/wp\/v2\/pages"}],"about":[{"href":"https:\/\/mathis-zominy.fr\/wordpress\/wp-json\/wp\/v2\/types\/page"}],"author":[{"embeddable":true,"href":"https:\/\/mathis-zominy.fr\/wordpress\/wp-json\/wp\/v2\/users\/1"}],"replies":[{"embeddable":true,"href":"https:\/\/mathis-zominy.fr\/wordpress\/wp-json\/wp\/v2\/comments?post=707"}],"version-history":[{"count":10,"href":"https:\/\/mathis-zominy.fr\/wordpress\/wp-json\/wp\/v2\/pages\/707\/revisions"}],"predecessor-version":[{"id":1210,"href":"https:\/\/mathis-zominy.fr\/wordpress\/wp-json\/wp\/v2\/pages\/707\/revisions\/1210"}],"wp:featuredmedia":[{"embeddable":true,"href":"https:\/\/mathis-zominy.fr\/wordpress\/wp-json\/wp\/v2\/media\/66"}],"wp:attachment":[{"href":"https:\/\/mathis-zominy.fr\/wordpress\/wp-json\/wp\/v2\/media?parent=707"}],"curies":[{"name":"wp","href":"https:\/\/api.w.org\/{rel}","templated":true}]}}