{"id":731,"date":"2025-03-05T13:05:42","date_gmt":"2025-03-05T13:05:42","guid":{"rendered":"https:\/\/mathis-zominy.fr\/wordpress\/?page_id=731"},"modified":"2026-01-19T20:37:48","modified_gmt":"2026-01-19T20:37:48","slug":"animation-bugatti","status":"publish","type":"page","link":"https:\/\/mathis-zominy.fr\/wordpress\/animation-bugatti\/","title":{"rendered":"Animation bugatti"},"content":{"rendered":"\t\t<div data-elementor-type=\"wp-page\" data-elementor-id=\"731\" class=\"elementor elementor-731\">\n\t\t\t\t<div class=\"elementor-element elementor-element-fb0b609 e-con-full e-flex e-con e-parent\" data-id=\"fb0b609\" data-element_type=\"container\">\n\t\t<div class=\"elementor-element elementor-element-5df064d e-con-full e-flex e-con e-child\" data-id=\"5df064d\" data-element_type=\"container\">\n\t\t\t\t<div class=\"elementor-element elementor-element-f311656 exad-sticky-section-no exad-glass-effect-no elementor-widget elementor-widget-video\" data-id=\"f311656\" data-element_type=\"widget\" data-settings=\"{&quot;youtube_url&quot;:&quot;https:\\\/\\\/youtu.be\\\/I3QduoYvVlU&quot;,&quot;video_type&quot;:&quot;youtube&quot;,&quot;controls&quot;:&quot;yes&quot;}\" data-widget_type=\"video.default\">\n\t\t\t\t<div class=\"elementor-widget-container\">\n\t\t\t\t\t<div class=\"elementor-wrapper elementor-open-inline\">\n\t\t\t<div class=\"elementor-video\"><\/div>\t\t<\/div>\n\t\t\t\t<\/div>\n\t\t\t\t<\/div>\n\t\t\t\t<\/div>\n\t\t<div class=\"elementor-element elementor-element-933fbdc e-con-full e-flex e-con e-child\" data-id=\"933fbdc\" data-element_type=\"container\">\n\t\t\t\t<div class=\"elementor-element elementor-element-4b55ffe exad-sticky-section-no exad-glass-effect-no elementor-widget elementor-widget-heading\" data-id=\"4b55ffe\" data-element_type=\"widget\" data-widget_type=\"heading.default\">\n\t\t\t\t<div class=\"elementor-widget-container\">\n\t\t\t<h2 class=\"elementor-heading-title elementor-size-default\">Animation 3D - Bugatti<\/h2>\t\t<\/div>\n\t\t\t\t<\/div>\n\t\t\t\t<div class=\"elementor-element elementor-element-4c806f2 exad-sticky-section-no exad-glass-effect-no elementor-widget elementor-widget-text-editor\" data-id=\"4c806f2\" data-element_type=\"widget\" data-widget_type=\"text-editor.default\">\n\t\t\t\t<div class=\"elementor-widget-container\">\n\t\t\t\t\t\t\t<p data-start=\"65\" data-end=\"439\"><span style=\"color: var( --e-global-color-text ); font-family: var( --e-global-typography-text-font-family ), Sans-serif; font-size: var( --e-global-typography-text-font-size ); font-style: var( --e-global-typography-text-font-style ); font-weight: var( --e-global-typography-text-font-weight ); letter-spacing: var( --e-global-typography-text-letter-spacing ); text-transform: var( --e-global-typography-text-text-transform ); text-align: var(--text-align); background-color: var( --e-global-color-c696dce );\">Lors de ma <\/span><strong style=\"color: var( --e-global-color-text ); font-family: var( --e-global-typography-text-font-family ), Sans-serif; font-size: var( --e-global-typography-text-font-size ); font-style: var( --e-global-typography-text-font-style ); letter-spacing: var( --e-global-typography-text-letter-spacing ); text-transform: var( --e-global-typography-text-text-transform ); text-align: var(--text-align); background-color: var( --e-global-color-c696dce );\" data-start=\"92\" data-end=\"163\">troisi\u00e8me ann\u00e9e en BUT M\u00e9tiers du Multim\u00e9dia et de l\u2019Internet (MMI)<\/strong><span style=\"color: var( --e-global-color-text ); font-family: var( --e-global-typography-text-font-family ), Sans-serif; font-size: var( --e-global-typography-text-font-size ); font-style: var( --e-global-typography-text-font-style ); font-weight: var( --e-global-typography-text-font-weight ); letter-spacing: var( --e-global-typography-text-letter-spacing ); text-transform: var( --e-global-typography-text-text-transform ); text-align: var(--text-align); background-color: var( --e-global-color-c696dce );\">, j\u2019ai entrepris un <\/span><strong style=\"color: var( --e-global-color-text ); font-family: var( --e-global-typography-text-font-family ), Sans-serif; font-size: var( --e-global-typography-text-font-size ); font-style: var( --e-global-typography-text-font-style ); letter-spacing: var( --e-global-typography-text-letter-spacing ); text-transform: var( --e-global-typography-text-text-transform ); text-align: var(--text-align); background-color: var( --e-global-color-c696dce );\" data-start=\"183\" data-end=\"203\">projet personnel<\/strong><span style=\"color: var( --e-global-color-text ); font-family: var( --e-global-typography-text-font-family ), Sans-serif; font-size: var( --e-global-typography-text-font-size ); font-style: var( --e-global-typography-text-font-style ); font-weight: var( --e-global-typography-text-font-weight ); letter-spacing: var( --e-global-typography-text-letter-spacing ); text-transform: var( --e-global-typography-text-text-transform ); text-align: var(--text-align); background-color: var( --e-global-color-c696dce );\"> visant \u00e0 perfectionner mes comp\u00e9tences en <\/span><strong style=\"color: var( --e-global-color-text ); font-family: var( --e-global-typography-text-font-family ), Sans-serif; font-size: var( --e-global-typography-text-font-size ); font-style: var( --e-global-typography-text-font-style ); letter-spacing: var( --e-global-typography-text-letter-spacing ); text-transform: var( --e-global-typography-text-text-transform ); text-align: var(--text-align); background-color: var( --e-global-color-c696dce );\" data-start=\"246\" data-end=\"262\">animation 3D<\/strong><span style=\"color: var( --e-global-color-text ); font-family: var( --e-global-typography-text-font-family ), Sans-serif; font-size: var( --e-global-typography-text-font-size ); font-style: var( --e-global-typography-text-font-style ); font-weight: var( --e-global-typography-text-font-weight ); letter-spacing: var( --e-global-typography-text-letter-spacing ); text-transform: var( --e-global-typography-text-text-transform ); text-align: var(--text-align); background-color: var( --e-global-color-c696dce );\">. J\u2019ai r\u00e9alis\u00e9 une <\/span><strong style=\"color: var( --e-global-color-text ); font-family: var( --e-global-typography-text-font-family ), Sans-serif; font-size: var( --e-global-typography-text-font-size ); font-style: var( --e-global-typography-text-font-style ); letter-spacing: var( --e-global-typography-text-letter-spacing ); text-transform: var( --e-global-typography-text-text-transform ); text-align: var(--text-align); background-color: var( --e-global-color-c696dce );\" data-start=\"281\" data-end=\"308\">animation d\u2019une Bugatti<\/strong><span style=\"color: var( --e-global-color-text ); font-family: var( --e-global-typography-text-font-family ), Sans-serif; font-size: var( --e-global-typography-text-font-size ); font-style: var( --e-global-typography-text-font-style ); font-weight: var( --e-global-typography-text-font-weight ); letter-spacing: var( --e-global-typography-text-letter-spacing ); text-transform: var( --e-global-typography-text-text-transform ); text-align: var(--text-align); background-color: var( --e-global-color-c696dce );\"> \u00e9voluant dans un <\/span><strong style=\"color: var( --e-global-color-text ); font-family: var( --e-global-typography-text-font-family ), Sans-serif; font-size: var( --e-global-typography-text-font-size ); font-style: var( --e-global-typography-text-font-style ); letter-spacing: var( --e-global-typography-text-letter-spacing ); text-transform: var( --e-global-typography-text-text-transform ); text-align: var(--text-align); background-color: var( --e-global-color-c696dce );\" data-start=\"326\" data-end=\"350\">environnement urbain<\/strong><span style=\"color: var( --e-global-color-text ); font-family: var( --e-global-typography-text-font-family ), Sans-serif; font-size: var( --e-global-typography-text-font-size ); font-style: var( --e-global-typography-text-font-style ); font-weight: var( --e-global-typography-text-font-weight ); letter-spacing: var( --e-global-typography-text-letter-spacing ); text-transform: var( --e-global-typography-text-text-transform ); text-align: var(--text-align); background-color: var( --e-global-color-c696dce );\">, compos\u00e9 de <\/span><strong style=\"color: var( --e-global-color-text ); font-family: var( --e-global-typography-text-font-family ), Sans-serif; font-size: var( --e-global-typography-text-font-size ); font-style: var( --e-global-typography-text-font-style ); letter-spacing: var( --e-global-typography-text-letter-spacing ); text-transform: var( --e-global-typography-text-text-transform ); text-align: var(--text-align); background-color: var( --e-global-color-c696dce );\" data-start=\"363\" data-end=\"407\">b\u00e2timents, d\u2019une route et de lampadaires<\/strong><span style=\"color: var( --e-global-color-text ); font-family: var( --e-global-typography-text-font-family ), Sans-serif; font-size: var( --e-global-typography-text-font-size ); font-style: var( --e-global-typography-text-font-style ); font-weight: var( --e-global-typography-text-font-weight ); letter-spacing: var( --e-global-typography-text-letter-spacing ); text-transform: var( --e-global-typography-text-text-transform ); text-align: var(--text-align); background-color: var( --e-global-color-c696dce );\">, enti\u00e8rement mod\u00e9lis\u00e9s et anim\u00e9s sous <\/span><strong style=\"color: var( --e-global-color-text ); font-family: var( --e-global-typography-text-font-family ), Sans-serif; font-size: var( --e-global-typography-text-font-size ); font-style: var( --e-global-typography-text-font-style ); letter-spacing: var( --e-global-typography-text-letter-spacing ); text-transform: var( --e-global-typography-text-text-transform ); text-align: var(--text-align); background-color: var( --e-global-color-c696dce );\" data-start=\"446\" data-end=\"457\">Blender.<\/strong><\/p><p data-start=\"65\" data-end=\"439\">Ce qui rend ce projet particuli\u00e8rement unique, c\u2019est le <strong data-start=\"1074\" data-end=\"1102\">travail sur la cam\u00e9ra 3D<\/strong>. \u00c0 la fin de la vid\u00e9o, j\u2019ai fait en sorte que la cam\u00e9ra <strong data-start=\"1159\" data-end=\"1193\">adopte une perspective humaine<\/strong>, int\u00e9grant des <strong data-start=\"1209\" data-end=\"1263\">mouvements de respiration et de l\u00e9g\u00e8re instabilit\u00e9<\/strong>, pour simuler une vision r\u00e9aliste comme si le spectateur \u00e9tait physiquement pr\u00e9sent dans la sc\u00e8ne.<\/p>\t\t\t\t\t\t<\/div>\n\t\t\t\t<\/div>\n\t\t\t\t<\/div>\n\t\t\t\t<\/div>\n\t\t<div class=\"elementor-element elementor-element-b0f0deb e-con-full e-flex e-con e-parent\" data-id=\"b0f0deb\" data-element_type=\"container\" data-settings=\"{&quot;background_background&quot;:&quot;classic&quot;}\">\n\t\t<div class=\"elementor-element elementor-element-65abfae e-con-full e-flex e-con e-child\" data-id=\"65abfae\" data-element_type=\"container\">\n\t\t<div class=\"elementor-element elementor-element-201e23e e-con-full e-flex e-con e-child\" data-id=\"201e23e\" data-element_type=\"container\">\n\t\t\t\t<div class=\"elementor-element elementor-element-e87f4f5 exad-sticky-section-no exad-glass-effect-no elementor-widget elementor-widget-text-editor\" data-id=\"e87f4f5\" data-element_type=\"widget\" data-widget_type=\"text-editor.default\">\n\t\t\t\t<div class=\"elementor-widget-container\">\n\t\t\t\t\t\t\t<p data-start=\"1366\" data-end=\"1725\">Cette exp\u00e9rience m\u2019a permis d\u2019explorer en profondeur les techniques d\u2019animation avanc\u00e9es, en combinant <strong data-start=\"1469\" data-end=\"1541\">m\u00e9canique des objets, travail sur la physique et animation de cam\u00e9ra<\/strong>. J\u2019ai aussi pu affiner mon <strong data-start=\"1569\" data-end=\"1602\">sens du d\u00e9tail et du r\u00e9alisme<\/strong>, en m\u2019inspirant de productions cin\u00e9matographiques pour donner \u00e0 mon projet une <strong data-start=\"1682\" data-end=\"1722\">dimension plus immersive et cr\u00e9dible<\/strong>.<\/p><p data-start=\"1727\" data-end=\"2004\">Ce projet personnel m\u2019a \u00e9norm\u00e9ment apport\u00e9 sur le plan technique et cr\u00e9atif, et a renforc\u00e9 ma passion pour l\u2019animation 3D et la mise en sc\u00e8ne dynamique. Il repr\u00e9sente une \u00e9tape importante dans mon \u00e9volution, me motivant \u00e0 aller encore plus loin dans mes futures r\u00e9alisations.<\/p>\t\t\t\t\t\t<\/div>\n\t\t\t\t<\/div>\n\t\t\t\t<\/div>\n\t\t<div class=\"elementor-element elementor-element-d648963 e-con-full e-flex e-con e-child\" data-id=\"d648963\" data-element_type=\"container\">\n\t\t\t\t<div class=\"elementor-element elementor-element-4cf56ce exad-sticky-section-no exad-glass-effect-no elementor-widget elementor-widget-image\" data-id=\"4cf56ce\" data-element_type=\"widget\" data-widget_type=\"image.default\">\n\t\t\t\t<div class=\"elementor-widget-container\">\n\t\t\t\t\t\t\t\t\t\t\t\t\t<img fetchpriority=\"high\" decoding=\"async\" width=\"1907\" height=\"821\" src=\"https:\/\/mathis-zominy.fr\/wordpress\/wp-content\/uploads\/2025\/03\/animation-voiture.jpg\" class=\"attachment-full size-full wp-image-638\" alt=\"\" srcset=\"https:\/\/mathis-zominy.fr\/wordpress\/wp-content\/uploads\/2025\/03\/animation-voiture.jpg 1907w, https:\/\/mathis-zominy.fr\/wordpress\/wp-content\/uploads\/2025\/03\/animation-voiture-300x129.jpg 300w, https:\/\/mathis-zominy.fr\/wordpress\/wp-content\/uploads\/2025\/03\/animation-voiture-1024x441.jpg 1024w, https:\/\/mathis-zominy.fr\/wordpress\/wp-content\/uploads\/2025\/03\/animation-voiture-768x331.jpg 768w, https:\/\/mathis-zominy.fr\/wordpress\/wp-content\/uploads\/2025\/03\/animation-voiture-1536x661.jpg 1536w\" sizes=\"(max-width: 1907px) 100vw, 1907px\" \/>\t\t\t\t\t\t\t\t\t\t\t\t\t<\/div>\n\t\t\t\t<\/div>\n\t\t\t\t<\/div>\n\t\t\t\t<\/div>\n\t\t\t\t<\/div>\n\t\t\t\t<\/div>\n\t\t","protected":false},"excerpt":{"rendered":"<p>Animation 3D &#8211; Bugatti Lors de ma troisi\u00e8me ann\u00e9e en BUT M\u00e9tiers du Multim\u00e9dia et de l\u2019Internet (MMI), j\u2019ai entrepris un projet personnel visant \u00e0 perfectionner mes comp\u00e9tences en animation 3D. J\u2019ai r\u00e9alis\u00e9 une animation d\u2019une Bugatti \u00e9voluant dans un environnement urbain, compos\u00e9 de b\u00e2timents, d\u2019une route et de lampadaires, enti\u00e8rement mod\u00e9lis\u00e9s et anim\u00e9s sous [&hellip;]<\/p>\n","protected":false},"author":1,"featured_media":111,"parent":0,"menu_order":0,"comment_status":"closed","ping_status":"closed","template":"","meta":{"footnotes":""},"class_list":["post-731","page","type-page","status-publish","has-post-thumbnail","hentry"],"_links":{"self":[{"href":"https:\/\/mathis-zominy.fr\/wordpress\/wp-json\/wp\/v2\/pages\/731","targetHints":{"allow":["GET"]}}],"collection":[{"href":"https:\/\/mathis-zominy.fr\/wordpress\/wp-json\/wp\/v2\/pages"}],"about":[{"href":"https:\/\/mathis-zominy.fr\/wordpress\/wp-json\/wp\/v2\/types\/page"}],"author":[{"embeddable":true,"href":"https:\/\/mathis-zominy.fr\/wordpress\/wp-json\/wp\/v2\/users\/1"}],"replies":[{"embeddable":true,"href":"https:\/\/mathis-zominy.fr\/wordpress\/wp-json\/wp\/v2\/comments?post=731"}],"version-history":[{"count":11,"href":"https:\/\/mathis-zominy.fr\/wordpress\/wp-json\/wp\/v2\/pages\/731\/revisions"}],"predecessor-version":[{"id":1216,"href":"https:\/\/mathis-zominy.fr\/wordpress\/wp-json\/wp\/v2\/pages\/731\/revisions\/1216"}],"wp:featuredmedia":[{"embeddable":true,"href":"https:\/\/mathis-zominy.fr\/wordpress\/wp-json\/wp\/v2\/media\/111"}],"wp:attachment":[{"href":"https:\/\/mathis-zominy.fr\/wordpress\/wp-json\/wp\/v2\/media?parent=731"}],"curies":[{"name":"wp","href":"https:\/\/api.w.org\/{rel}","templated":true}]}}