{"id":755,"date":"2025-03-05T14:59:01","date_gmt":"2025-03-05T14:59:01","guid":{"rendered":"https:\/\/mathis-zominy.fr\/wordpress\/?page_id=755"},"modified":"2026-01-19T20:38:08","modified_gmt":"2026-01-19T20:38:08","slug":"teaser3d","status":"publish","type":"page","link":"https:\/\/mathis-zominy.fr\/wordpress\/teaser3d\/","title":{"rendered":"Teaser Beater-Saber"},"content":{"rendered":"\t\t<div data-elementor-type=\"wp-page\" data-elementor-id=\"755\" class=\"elementor elementor-755\">\n\t\t\t\t<div class=\"elementor-element elementor-element-6fd5730 e-con-full e-flex e-con e-parent\" data-id=\"6fd5730\" data-element_type=\"container\" data-settings=\"{&quot;background_background&quot;:&quot;classic&quot;}\">\n\t\t<div class=\"elementor-element elementor-element-719ea70 e-con-full e-flex e-con e-child\" data-id=\"719ea70\" data-element_type=\"container\">\n\t\t\t\t<div class=\"elementor-element elementor-element-4802b9c exad-sticky-section-no exad-glass-effect-no elementor-widget elementor-widget-heading\" data-id=\"4802b9c\" data-element_type=\"widget\" data-widget_type=\"heading.default\">\n\t\t\t\t<div class=\"elementor-widget-container\">\n\t\t\t<h2 class=\"elementor-heading-title elementor-size-default\">Stand Beat-Saber<\/h2>\t\t<\/div>\n\t\t\t\t<\/div>\n\t\t\t\t<div class=\"elementor-element elementor-element-28ff60e exad-sticky-section-no exad-glass-effect-no elementor-widget elementor-widget-text-editor\" data-id=\"28ff60e\" data-element_type=\"widget\" data-widget_type=\"text-editor.default\">\n\t\t\t\t<div class=\"elementor-widget-container\">\n\t\t\t\t\t\t\t<p data-start=\"0\" data-end=\"471\">Lors de ma <strong data-start=\"11\" data-end=\"81\">deuxi\u00e8me ann\u00e9e en BUT M\u00e9tiers du Multim\u00e9dia et de l\u2019Internet (MMI)<\/strong>, mon \u00e9quipe et moi avons organis\u00e9 un \u00e9v\u00e9nement appel\u00e9 <strong data-start=\"136\" data-end=\"147\">MMI LAN<\/strong>, une <strong data-start=\"153\" data-end=\"194\">LAN party au sein de notre universit\u00e9<\/strong>. Ce projet avait pour but de r\u00e9unir les \u00e9tudiants autour de plusieurs stands de jeux vid\u00e9o, mis \u00e0 disposition pendant les pauses. Chaque stand proposait une <strong data-start=\"352\" data-end=\"380\">exp\u00e9rience de jeu unique<\/strong>, et pour attirer les participants, nous avons produit diff\u00e9rents contenus promotionnels.<\/p><p data-start=\"473\" data-end=\"886\">Dans ce cadre, j\u2019ai r\u00e9alis\u00e9 un <strong data-start=\"504\" data-end=\"520\">teaser vid\u00e9o<\/strong> pour l\u2019un des stands phares de l\u2019\u00e9v\u00e9nement : <strong data-start=\"566\" data-end=\"589\">le stand Beat Saber<\/strong>. L\u2019objectif \u00e9tait de <strong data-start=\"611\" data-end=\"654\">cr\u00e9er une vid\u00e9o immersive et intrigante<\/strong>, captant l\u2019attention des spectateurs avant m\u00eame qu\u2019ils ne sachent de quel jeu il s\u2019agit. Plut\u00f4t qu\u2019une simple pr\u00e9sentation, j\u2019ai opt\u00e9 pour une <strong data-start=\"798\" data-end=\"833\">mise en sc\u00e8ne cin\u00e9matographique<\/strong>, inspir\u00e9e des bandes-annonces de jeux et de films.<\/p>\t\t\t\t\t\t<\/div>\n\t\t\t\t<\/div>\n\t\t\t\t<\/div>\n\t\t<div class=\"elementor-element elementor-element-400794b e-con-full e-flex e-con e-child\" data-id=\"400794b\" data-element_type=\"container\">\n\t\t\t\t<div class=\"elementor-element elementor-element-9cb38ef exad-sticky-section-no exad-glass-effect-no elementor-widget elementor-widget-video\" data-id=\"9cb38ef\" data-element_type=\"widget\" data-settings=\"{&quot;youtube_url&quot;:&quot;https:\\\/\\\/youtu.be\\\/SUviZ0YbU5A&quot;,&quot;video_type&quot;:&quot;youtube&quot;,&quot;controls&quot;:&quot;yes&quot;}\" data-widget_type=\"video.default\">\n\t\t\t\t<div class=\"elementor-widget-container\">\n\t\t\t\t\t<div class=\"elementor-wrapper elementor-open-inline\">\n\t\t\t<div class=\"elementor-video\"><\/div>\t\t<\/div>\n\t\t\t\t<\/div>\n\t\t\t\t<\/div>\n\t\t\t\t<\/div>\n\t\t\t\t<\/div>\n\t\t<div class=\"elementor-element elementor-element-3712ada e-con-full e-flex e-con e-parent\" data-id=\"3712ada\" data-element_type=\"container\" data-settings=\"{&quot;background_background&quot;:&quot;classic&quot;}\">\n\t\t\t\t<div class=\"elementor-element elementor-element-0f04623 elementor-widget-divider--view-line exad-sticky-section-no exad-glass-effect-no elementor-widget elementor-widget-divider\" data-id=\"0f04623\" data-element_type=\"widget\" data-widget_type=\"divider.default\">\n\t\t\t\t<div class=\"elementor-widget-container\">\n\t\t\t\t\t<div class=\"elementor-divider\">\n\t\t\t<span class=\"elementor-divider-separator\">\n\t\t\t\t\t\t<\/span>\n\t\t<\/div>\n\t\t\t\t<\/div>\n\t\t\t\t<\/div>\n\t\t\t\t<\/div>\n\t\t<div class=\"elementor-element elementor-element-e2fbf67 e-con-full e-flex e-con e-parent\" data-id=\"e2fbf67\" data-element_type=\"container\" data-settings=\"{&quot;background_background&quot;:&quot;classic&quot;}\">\n\t\t<div class=\"elementor-element elementor-element-d6db704 e-con-full e-flex e-con e-child\" data-id=\"d6db704\" data-element_type=\"container\" data-settings=\"{&quot;background_background&quot;:&quot;classic&quot;}\">\n\t\t\t\t<div class=\"elementor-element elementor-element-2daf5c6 exad-sticky-section-no exad-glass-effect-no elementor-widget elementor-widget-image\" data-id=\"2daf5c6\" data-element_type=\"widget\" data-widget_type=\"image.default\">\n\t\t\t\t<div class=\"elementor-widget-container\">\n\t\t\t\t\t\t\t\t\t\t\t\t\t<img fetchpriority=\"high\" decoding=\"async\" width=\"300\" height=\"300\" src=\"https:\/\/mathis-zominy.fr\/wordpress\/wp-content\/uploads\/2023\/11\/LOGO_FONDSOMBRE_FINAL_RVB-300x300.png\" class=\"attachment-medium size-medium wp-image-24\" alt=\"\" srcset=\"https:\/\/mathis-zominy.fr\/wordpress\/wp-content\/uploads\/2023\/11\/LOGO_FONDSOMBRE_FINAL_RVB-300x300.png 300w, https:\/\/mathis-zominy.fr\/wordpress\/wp-content\/uploads\/2023\/11\/LOGO_FONDSOMBRE_FINAL_RVB-1024x1024.png 1024w, https:\/\/mathis-zominy.fr\/wordpress\/wp-content\/uploads\/2023\/11\/LOGO_FONDSOMBRE_FINAL_RVB-150x150.png 150w, https:\/\/mathis-zominy.fr\/wordpress\/wp-content\/uploads\/2023\/11\/LOGO_FONDSOMBRE_FINAL_RVB-768x768.png 768w, https:\/\/mathis-zominy.fr\/wordpress\/wp-content\/uploads\/2023\/11\/LOGO_FONDSOMBRE_FINAL_RVB.png 1080w\" sizes=\"(max-width: 300px) 100vw, 300px\" \/>\t\t\t\t\t\t\t\t\t\t\t\t\t<\/div>\n\t\t\t\t<\/div>\n\t\t\t\t<\/div>\n\t\t<div class=\"elementor-element elementor-element-80ea3d8 e-con-full e-flex e-con e-child\" data-id=\"80ea3d8\" data-element_type=\"container\">\n\t\t\t\t<div class=\"elementor-element elementor-element-e42d8aa exad-sticky-section-no exad-glass-effect-no elementor-widget elementor-widget-text-editor\" data-id=\"e42d8aa\" data-element_type=\"widget\" data-widget_type=\"text-editor.default\">\n\t\t\t\t<div class=\"elementor-widget-container\">\n\t\t\t\t\t\t\t<p data-start=\"888\" data-end=\"1348\">Le teaser commence avec une <strong data-start=\"916\" data-end=\"959\">cam\u00e9ra plongeant dans un lieu abandonn\u00e9<\/strong>, ajoutant une atmosph\u00e8re <strong data-start=\"985\" data-end=\"1013\">myst\u00e9rieuse et immersive<\/strong>. Apr\u00e8s quelques instants d\u2019exploration, l\u2019objectif s\u2019arr\u00eate sur une <strong data-start=\"1082\" data-end=\"1100\">bouche d\u2019\u00e9gout<\/strong>, \u00e0 travers laquelle la cam\u00e9ra s\u2019engouffre avant qu\u2019un <strong data-start=\"1155\" data-end=\"1169\">\u00e9cran noir<\/strong> ne s\u2019installe. L\u2019image r\u00e9appara\u00eet soudainement avec un <strong data-start=\"1225\" data-end=\"1245\">\u00e9clairage soign\u00e9<\/strong>, r\u00e9v\u00e9lant un <strong data-start=\"1259\" data-end=\"1293\">casque VR pos\u00e9 sur un tabouret<\/strong>, mis en valeur comme un objet central et intriguant.<\/p><p data-start=\"1350\" data-end=\"1789\">Quelques instants plus tard, un <strong data-start=\"1382\" data-end=\"1407\">acteur entre en sc\u00e8ne<\/strong>, saisit le <strong data-start=\"1419\" data-end=\"1450\">casque de r\u00e9alit\u00e9 virtuelle<\/strong> et le place sur sa t\u00eate. \u00c0 ce moment-l\u00e0, la transition se fait vers une <strong data-start=\"1523\" data-end=\"1569\">s\u00e9quence de gameplay intense de Beat Saber<\/strong>, illustrant <strong data-start=\"1582\" data-end=\"1618\">l\u2019\u00e9nergie et la dynamique du jeu<\/strong>. Cette transition fluide entre une ambiance myst\u00e9rieuse et une s\u00e9quence de jeu rythm\u00e9e permet de <strong data-start=\"1716\" data-end=\"1748\">renforcer l\u2019impact du teaser<\/strong> et de capter l\u2019enthousiasme du public.<\/p><p data-start=\"1791\" data-end=\"2293\">Ce projet m\u2019a permis d\u2019explorer <strong data-start=\"1823\" data-end=\"1893\">diff\u00e9rentes techniques de mise en sc\u00e8ne, de montage et d\u2019\u00e9clairage<\/strong>, tout en travaillant sur le <strong data-start=\"1922\" data-end=\"1957\">rythme et la narration visuelle<\/strong>. En combinant <strong data-start=\"1972\" data-end=\"2016\">captation vid\u00e9o et s\u00e9quences de gameplay<\/strong>, j\u2019ai cherch\u00e9 \u00e0 <strong data-start=\"2033\" data-end=\"2068\">cr\u00e9er une immersion progressive<\/strong>, engageant le spectateur et <strong data-start=\"2097\" data-end=\"2170\">suscitant l\u2019envie de d\u00e9couvrir le stand Beat Saber lors de la MMI LAN<\/strong>. Cette exp\u00e9rience m\u2019a confort\u00e9 dans mon int\u00e9r\u00eat pour <strong data-start=\"2224\" data-end=\"2290\">la cr\u00e9ation de vid\u00e9os promotionnelles dynamiques et immersives<\/strong>.<\/p>\t\t\t\t\t\t<\/div>\n\t\t\t\t<\/div>\n\t\t\t\t<\/div>\n\t\t\t\t<\/div>\n\t\t\t\t<\/div>\n\t\t","protected":false},"excerpt":{"rendered":"<p>Stand Beat-Saber Lors de ma deuxi\u00e8me ann\u00e9e en BUT M\u00e9tiers du Multim\u00e9dia et de l\u2019Internet (MMI), mon \u00e9quipe et moi avons organis\u00e9 un \u00e9v\u00e9nement appel\u00e9 MMI LAN, une LAN party au sein de notre universit\u00e9. Ce projet avait pour but de r\u00e9unir les \u00e9tudiants autour de plusieurs stands de jeux vid\u00e9o, mis \u00e0 disposition pendant [&hellip;]<\/p>\n","protected":false},"author":1,"featured_media":66,"parent":0,"menu_order":0,"comment_status":"closed","ping_status":"closed","template":"","meta":{"footnotes":""},"class_list":["post-755","page","type-page","status-publish","has-post-thumbnail","hentry"],"_links":{"self":[{"href":"https:\/\/mathis-zominy.fr\/wordpress\/wp-json\/wp\/v2\/pages\/755","targetHints":{"allow":["GET"]}}],"collection":[{"href":"https:\/\/mathis-zominy.fr\/wordpress\/wp-json\/wp\/v2\/pages"}],"about":[{"href":"https:\/\/mathis-zominy.fr\/wordpress\/wp-json\/wp\/v2\/types\/page"}],"author":[{"embeddable":true,"href":"https:\/\/mathis-zominy.fr\/wordpress\/wp-json\/wp\/v2\/users\/1"}],"replies":[{"embeddable":true,"href":"https:\/\/mathis-zominy.fr\/wordpress\/wp-json\/wp\/v2\/comments?post=755"}],"version-history":[{"count":10,"href":"https:\/\/mathis-zominy.fr\/wordpress\/wp-json\/wp\/v2\/pages\/755\/revisions"}],"predecessor-version":[{"id":1219,"href":"https:\/\/mathis-zominy.fr\/wordpress\/wp-json\/wp\/v2\/pages\/755\/revisions\/1219"}],"wp:featuredmedia":[{"embeddable":true,"href":"https:\/\/mathis-zominy.fr\/wordpress\/wp-json\/wp\/v2\/media\/66"}],"wp:attachment":[{"href":"https:\/\/mathis-zominy.fr\/wordpress\/wp-json\/wp\/v2\/media?parent=755"}],"curies":[{"name":"wp","href":"https:\/\/api.w.org\/{rel}","templated":true}]}}